{"id":98,"date":"2020-11-18T21:56:01","date_gmt":"2020-11-18T21:56:01","guid":{"rendered":"https:\/\/riterm.org\/index\/?page_id=98"},"modified":"2024-07-25T10:27:22","modified_gmt":"2024-07-25T15:27:22","slug":"membros","status":"publish","type":"page","link":"https:\/\/riterm.org\/index.php\/membros\/","title":{"rendered":"Membros"},"content":{"rendered":"\n<hr class=\"wp-block-separator has-css-opacity is-style-wide\"\/>\n\n\n\n<h1 class=\"wp-block-heading\">Membros<\/h1>\n\n\n\n<h3 class=\"wp-block-heading\" id=\"h.p_aAHIUoR72vKd\"><a href=\"https:\/\/riterm.org\/index.php\/individuais\/\" data-type=\"URL\" data-id=\"https:\/\/riterm.org\/index.php\/individuais\/\">Lista de membros individuais<\/a><\/h3>\n\n\n\n<h3 class=\"wp-block-heading\" id=\"h.p_BUJYfHJp3LO0\"><a href=\"https:\/\/riterm.org\/index.php\/institucionais\/\" data-type=\"URL\" data-id=\"https:\/\/riterm.org\/index.php\/institucionais\/\">Lista de membros institucionais<\/a><\/h3>\n\n\n\n<h3 class=\"wp-block-heading\" id=\"h.p_UZyjqEq93SLz\"><a href=\"https:\/\/sites.google.com\/view\/riterm\/pt\/membrospt?authuser=0#h.p_UZyjqEq93SLz\"><\/a>Ades\u00e3o<\/h3>\n\n\n\n<p>Podem ser membros da RITerm profissionais, professores, pesquisadores, alunos de p\u00f3s-gradua\u00e7\u00e3o e\/ou institui\u00e7\u00f5es que trabalham e\/ou atuam na \u00e1rea da Terminologia e \u00e1reas conexas, tais como Tradu\u00e7\u00e3o, Biblioteconomia, entre outras.<\/p>\n\n\n\n<p>Para associar-se, o interessado dever\u00e1 preencher a ficha de membro&nbsp;e clicar em enviar:<\/p>\n\n\n\n<ul class=\"wp-block-list\">\n<li><a rel=\"noreferrer noopener\" href=\"https:\/\/docs.google.com\/forms\/d\/e\/1FAIpQLSctgBKRnNKpsN3lWmMU_HV2EFixbQGSkyUdwYxfc_g7xE_sDQ\/viewform\" target=\"_blank\"><strong>individual<\/strong><\/a><\/li>\n\n\n\n<li><a rel=\"noreferrer noopener\" href=\"https:\/\/docs.google.com\/forms\/u\/3\/d\/e\/1FAIpQLSd3SFRaC0d-LWDt90CJQKlvXajpeX4JwMWSlEammDr8I51kfA\/viewform\" target=\"_blank\"><strong>institucional<\/strong><\/a>&nbsp;<\/li>\n<\/ul>\n\n\n\n<p>A ficha ser\u00e1 avaliada pelos membros do Comit\u00ea Executivo. Ap\u00f3s esta valia\u00e7\u00e3o, uma resposta ser\u00e1 enviada atrav\u00e9s de e-mail ao proponente.<\/p>\n\n\n\n<p>Conv\u00e9m mencionar que com a reestrutura\u00e7\u00e3o da RITerm, decidiu-se na Assembleia Geral, realizada no \u00e2mbito do XII Simp\u00f3sio Ibero-americano de Terminologia, que n\u00e3o haver\u00e1 mais cobran\u00e7a de quota anual para membros, sejam eles antigos ou novos.<\/p>\n","protected":false},"excerpt":{"rendered":"<p>Membros Lista de membros individuais Lista de membros institucionais Ades\u00e3o Podem ser membros da RITerm profissionais, professores, pesquisadores, alunos de p\u00f3s-gradua\u00e7\u00e3o e\/ou institui\u00e7\u00f5es que trabalham e\/ou atuam na \u00e1rea da Terminologia e \u00e1reas conexas, tais como Tradu\u00e7\u00e3o, Biblioteconomia, entre outras. Para associar-se, o interessado dever\u00e1 preencher a ficha de membro&nbsp;e clicar em enviar: A ficha [&hellip;]<\/p>\n","protected":false},"author":1,"featured_media":0,"parent":0,"menu_order":0,"comment_status":"closed","ping_status":"closed","template":"","meta":{"footnotes":""},"class_list":["post-98","page","type-page","status-publish","hentry"],"_links":{"self":[{"href":"https:\/\/riterm.org\/index.php\/wp-json\/wp\/v2\/pages\/98","targetHints":{"allow":["GET"]}}],"collection":[{"href":"https:\/\/riterm.org\/index.php\/wp-json\/wp\/v2\/pages"}],"about":[{"href":"https:\/\/riterm.org\/index.php\/wp-json\/wp\/v2\/types\/page"}],"author":[{"embeddable":true,"href":"https:\/\/riterm.org\/index.php\/wp-json\/wp\/v2\/users\/1"}],"replies":[{"embeddable":true,"href":"https:\/\/riterm.org\/index.php\/wp-json\/wp\/v2\/comments?post=98"}],"version-history":[{"count":11,"href":"https:\/\/riterm.org\/index.php\/wp-json\/wp\/v2\/pages\/98\/revisions"}],"predecessor-version":[{"id":1273,"href":"https:\/\/riterm.org\/index.php\/wp-json\/wp\/v2\/pages\/98\/revisions\/1273"}],"wp:attachment":[{"href":"https:\/\/riterm.org\/index.php\/wp-json\/wp\/v2\/media?parent=98"}],"curies":[{"name":"wp","href":"https:\/\/api.w.org\/{rel}","templated":true}]}}