{"id":86,"date":"2020-11-18T21:42:04","date_gmt":"2020-11-18T21:42:04","guid":{"rendered":"https:\/\/riterm.org\/index\/?page_id=86"},"modified":"2020-11-30T23:46:49","modified_gmt":"2020-11-30T23:46:49","slug":"quem-somos","status":"publish","type":"page","link":"https:\/\/riterm.org\/index.php\/quem-somos\/","title":{"rendered":"Quem somos?"},"content":{"rendered":"\n<div class=\"wp-block-cover has-background-dim\" style=\"background-image:url(https:\/\/riterm.org\/wp-content\/uploads\/2020\/11\/portug.jpg)\"><div class=\"wp-block-cover__inner-container is-layout-flow wp-block-cover-is-layout-flow\">\n<p class=\"has-text-align-center\" style=\"font-size:50px\">Quem somos?<\/p>\n<\/div><\/div>\n\n\n\n<hr class=\"wp-block-separator is-style-wide\"\/>\n\n\n\n<p id=\"h.p_0EkF4h8fGGKU\">Criada em 1988, a Rede Ibero-americana de Terminologia (RITerm) \u00e9 uma rede de interc\u00e2mbio e de trabalho na \u00e1rea da Terminologia e tem por objetivo estabelecer um canal de coopera\u00e7\u00e3o entre seus membros para consolidar as terminologias nos pa\u00edses hispan\u00f3fonos e lus\u00f3fonos.<\/p>\n\n\n\n<p id=\"h.p_sEVka78kGHCg\"><strong>A RITerm desenvolve as seguintes atividades:<\/strong><\/p>\n\n\n\n<ul class=\"wp-block-list\"><li>Realiza\u00e7\u00e3o do Simp\u00f3sio Ibero-americano de Terminologia, com periodicidade de dois anos, organizado ao mesmo tempo que a Assembleia Geral. Os simp\u00f3sios j\u00e1 realizados encontram-se no menu Simp\u00f3sio.<\/li><li>Publica\u00e7\u00e3o da Revista Debate Terminol\u00f3gico.<\/li><li>Promo\u00e7\u00e3o de interc\u00e2mbio de informa\u00e7\u00e3o terminol\u00f3gica e factual entre os membros da Rede, com o objetivo de fomentar a compatibiliza\u00e7\u00e3o de sistemas, formatos, instrumentos metodol\u00f3gicos etc., na \u00e1rea da terminologia.<\/li><li>Apoio \u00e0 coopera\u00e7\u00e3o no planejamento e desenvolvimento de projetos relacionados com a \u00e1rea da terminologia e\/ou ind\u00fastrias dos conhecimentos, bancos de dados terminol\u00f3gicos, lexicogr\u00e1ficos, textuais etc., lingu\u00edstica inform\u00e1tica, inform\u00e1tica aplicada \u00e0 terminologia, planejamento terminol\u00f3gico etc.<\/li><li>Colabora\u00e7\u00e3o com os programas de forma\u00e7\u00e3o em terminologia dos membros da Rede, a fim de promover o desenvolvimento e a difus\u00e3o da terminologia como disciplina por meio de programas acad\u00eamicos, estadias, encontros e boletins informativos.<\/li><\/ul>\n","protected":false},"excerpt":{"rendered":"<p>Criada em 1988, a Rede Ibero-americana de Terminologia (RITerm) \u00e9 uma rede de interc\u00e2mbio e de trabalho na \u00e1rea da Terminologia e tem por objetivo estabelecer um canal de coopera\u00e7\u00e3o entre seus membros para consolidar as terminologias nos pa\u00edses hispan\u00f3fonos e lus\u00f3fonos. A RITerm desenvolve as seguintes atividades: Realiza\u00e7\u00e3o do Simp\u00f3sio Ibero-americano de Terminologia, com [&hellip;]<\/p>\n","protected":false},"author":1,"featured_media":0,"parent":0,"menu_order":0,"comment_status":"closed","ping_status":"closed","template":"","meta":{"footnotes":""},"class_list":["post-86","page","type-page","status-publish","hentry"],"_links":{"self":[{"href":"https:\/\/riterm.org\/index.php\/wp-json\/wp\/v2\/pages\/86","targetHints":{"allow":["GET"]}}],"collection":[{"href":"https:\/\/riterm.org\/index.php\/wp-json\/wp\/v2\/pages"}],"about":[{"href":"https:\/\/riterm.org\/index.php\/wp-json\/wp\/v2\/types\/page"}],"author":[{"embeddable":true,"href":"https:\/\/riterm.org\/index.php\/wp-json\/wp\/v2\/users\/1"}],"replies":[{"embeddable":true,"href":"https:\/\/riterm.org\/index.php\/wp-json\/wp\/v2\/comments?post=86"}],"version-history":[{"count":2,"href":"https:\/\/riterm.org\/index.php\/wp-json\/wp\/v2\/pages\/86\/revisions"}],"predecessor-version":[{"id":281,"href":"https:\/\/riterm.org\/index.php\/wp-json\/wp\/v2\/pages\/86\/revisions\/281"}],"wp:attachment":[{"href":"https:\/\/riterm.org\/index.php\/wp-json\/wp\/v2\/media?parent=86"}],"curies":[{"name":"wp","href":"https:\/\/api.w.org\/{rel}","templated":true}]}}