{"id":7,"date":"2020-11-11T22:44:18","date_gmt":"2020-11-11T22:44:18","guid":{"rendered":"https:\/\/riterm.org\/index\/?page_id=7"},"modified":"2025-02-26T15:37:51","modified_gmt":"2025-02-26T20:37:51","slug":"portugues","status":"publish","type":"page","link":"https:\/\/riterm.org\/index.php\/portugues\/","title":{"rendered":"Portugu\u00eas"},"content":{"rendered":"\n<h1 class=\"wp-block-heading alignwide has-text-align-center has-text-color\" id=\"we-re-a-studio-in-berlin-with-an-international-practice-in-architecture-urban-planning-and-interior-design-we-believe-in-sharing-knowledge-and-promoting-dialogue-to-increase-the-creative-potential-of-collaboration\" style=\"color:#157a85;font-size:48px;line-height:1.1\">Rede Ibero-americana de Terminologia<\/h1>\n\n\n\n<hr class=\"wp-block-separator has-css-opacity is-style-wide\"\/>\n\n\n\n<div class=\"wp-block-columns is-layout-flex wp-container-core-columns-is-layout-9d6595d7 wp-block-columns-is-layout-flex\">\n<div class=\"wp-block-column is-layout-flow wp-block-column-is-layout-flow\">\n<h2 class=\"wp-block-heading\" id=\"h.p_A9KKxoVCgdDI\"><a href=\"https:\/\/riterm.org\/index.php\/apresentacao\/\">Apresenta\u00e7\u00e3o<\/a><\/h2>\n\n\n\n<h2 class=\"wp-block-heading\" id=\"h.p_F6tubFYHgmh7\"><a href=\"https:\/\/sites.google.com\/view\/riterm\/pt?authuser=0#h.p_F6tubFYHgmh7\"><\/a><a href=\"https:\/\/riterm.org\/index.php\/membros\/\">Membros<\/a><\/h2>\n\n\n\n<h2 class=\"wp-block-heading\" id=\"h.p_ta407uf8gp3x\"><a href=\"https:\/\/riterm.org\/index.php\/comite\/\">Comit\u00ea executivo<\/a><\/h2>\n\n\n\n<h2 class=\"wp-block-heading\" id=\"h.p_4-uPQDpjha2J\"><a rel=\"noreferrer noopener\" href=\"https:\/\/seer.ufrgs.br\/index.php\/riterm\/index\" target=\"_blank\">Debate Terminol\u00f3gico<\/a><\/h2>\n\n\n\n<h2 class=\"wp-block-heading\" id=\"h.p_ddaPKUeSg34R\"><a href=\"https:\/\/sites.google.com\/view\/riterm\/pt?authuser=0#h.p_ddaPKUeSg34R\"><\/a><a href=\"https:\/\/riterm.org\/index.php\/simposio\/\">Simp\u00f3sio<\/a><\/h2>\n\n\n\n<h2 class=\"wp-block-heading\"><a rel=\"noreferrer noopener\" href=\"https:\/\/www.youtube.com\/playlist?list=PL3oo0KFQa0_fINhs3U7w-SqZ-uddk64oe\" target=\"_blank\">Ciclo de Conversas terminol\u00f3gicas<\/a><\/h2>\n\n\n\n<h2 class=\"wp-block-heading\" id=\"h.p_DkHXahGAg8xh\"><a href=\"https:\/\/sites.google.com\/view\/riterm\/pt?authuser=0#h.p_DkHXahGAg8xh\"><\/a><a href=\"https:\/\/riterm.org\/index.php\/contato\/\">Contato<\/a><\/h2>\n<\/div>\n\n\n\n<div class=\"wp-block-column is-layout-flow wp-block-column-is-layout-flow\"><\/div>\n\n\n\n<div class=\"wp-block-column is-layout-flow wp-block-column-is-layout-flow\">\n<h2 class=\"wp-block-heading has-text-align-left\" id=\"h.p_XUiILRtmlvdq\">DESTAQUES<\/h2>\n\n\n\n<h3 class=\"wp-block-heading\"><a rel=\"noreferrer noopener\" href=\"https:\/\/seer.ufrgs.br\/index.php\/riterm\/announcement\/view\/1750\" target=\"_blank\">Submiss\u00e3o de propostas a Debate Terminol\u00f3gico<\/a><\/h3>\n\n\n\n<h3 class=\"wp-block-heading\">Conversas en YouTube:<\/h3>\n\n\n\n<figure class=\"wp-block-embed is-type-video is-provider-youtube wp-block-embed-youtube wp-embed-aspect-16-9 wp-has-aspect-ratio\"><div class=\"wp-block-embed__wrapper\">\n<iframe loading=\"lazy\" title=\"WIPO Pearl: el portal de terminolog\u00eda multiling\u00fce de la OMPI\" width=\"500\" height=\"281\" src=\"https:\/\/www.youtube.com\/embed\/GVBvsRbDcrs?feature=oembed\" frameborder=\"0\" allow=\"accelerometer; autoplay; clipboard-write; encrypted-media; gyroscope; picture-in-picture; web-share\" referrerpolicy=\"strict-origin-when-cross-origin\" allowfullscreen><\/iframe>\n<\/div><figcaption class=\"wp-element-caption\"><br><\/figcaption><\/figure>\n<\/div>\n<\/div>\n\n\n\n<p class=\"has-text-align-center has-white-color has-text-color has-background has-small-font-size\" style=\"background-color:#157a85\"><small><strong>Sede atual:<\/strong><\/small><br>Universidad de Antioquia<br>Medell\u00edn, Col\u00f4mbia<\/p>\n","protected":false},"excerpt":{"rendered":"<p>Rede Ibero-americana de Terminologia Apresenta\u00e7\u00e3o Membros Comit\u00ea executivo Debate Terminol\u00f3gico Simp\u00f3sio Ciclo de Conversas terminol\u00f3gicas Contato DESTAQUES Submiss\u00e3o de propostas a Debate Terminol\u00f3gico Conversas en YouTube: Sede atual:Universidad de AntioquiaMedell\u00edn, Col\u00f4mbia<\/p>\n","protected":false},"author":1,"featured_media":0,"parent":0,"menu_order":0,"comment_status":"closed","ping_status":"closed","template":"","meta":{"footnotes":""},"class_list":["post-7","page","type-page","status-publish","hentry"],"_links":{"self":[{"href":"https:\/\/riterm.org\/index.php\/wp-json\/wp\/v2\/pages\/7","targetHints":{"allow":["GET"]}}],"collection":[{"href":"https:\/\/riterm.org\/index.php\/wp-json\/wp\/v2\/pages"}],"about":[{"href":"https:\/\/riterm.org\/index.php\/wp-json\/wp\/v2\/types\/page"}],"author":[{"embeddable":true,"href":"https:\/\/riterm.org\/index.php\/wp-json\/wp\/v2\/users\/1"}],"replies":[{"embeddable":true,"href":"https:\/\/riterm.org\/index.php\/wp-json\/wp\/v2\/comments?post=7"}],"version-history":[{"count":44,"href":"https:\/\/riterm.org\/index.php\/wp-json\/wp\/v2\/pages\/7\/revisions"}],"predecessor-version":[{"id":1509,"href":"https:\/\/riterm.org\/index.php\/wp-json\/wp\/v2\/pages\/7\/revisions\/1509"}],"wp:attachment":[{"href":"https:\/\/riterm.org\/index.php\/wp-json\/wp\/v2\/media?parent=7"}],"curies":[{"name":"wp","href":"https:\/\/api.w.org\/{rel}","templated":true}]}}