{"id":68,"date":"2020-11-18T20:19:30","date_gmt":"2020-11-18T20:19:30","guid":{"rendered":"https:\/\/riterm.org\/index\/?page_id=68"},"modified":"2026-03-06T15:10:30","modified_gmt":"2026-03-06T20:10:30","slug":"espanol","status":"publish","type":"page","link":"https:\/\/riterm.org\/index.php\/espanol\/","title":{"rendered":"Espa\u00f1ol"},"content":{"rendered":"\n<h1 class=\"wp-block-heading alignwide has-text-align-center has-text-color\" id=\"we-re-a-studio-in-berlin-with-an-international-practice-in-architecture-urban-planning-and-interior-design-we-believe-in-sharing-knowledge-and-promoting-dialogue-to-increase-the-creative-potential-of-collaboration\" style=\"color:#157a85;font-size:48px;line-height:1.1\">Red Iberoamericana de Terminolog\u00eda<\/h1>\n\n\n\n<hr class=\"wp-block-separator has-css-opacity is-style-wide\"\/>\n\n\n\n<div class=\"wp-block-columns is-layout-flex wp-container-core-columns-is-layout-9d6595d7 wp-block-columns-is-layout-flex\">\n<div class=\"wp-block-column is-layout-flow wp-block-column-is-layout-flow\">\n<h2 class=\"wp-block-heading\" id=\"h.p_ym7lthF8HrsN\"><a href=\"https:\/\/riterm.org\/index.php\/presentacion\/\">Presentaci\u00f3n<\/a><\/h2>\n\n\n\n<h2 class=\"wp-block-heading\" id=\"h.p_2czT315Bh8fo\"><a href=\"https:\/\/sites.google.com\/view\/riterm\/es?authuser=0#h.p_2czT315Bh8fo\"><\/a><a href=\"https:\/\/riterm.org\/index.php\/miembros\/\">Miembros<\/a><\/h2>\n\n\n\n<h2 class=\"wp-block-heading\" id=\"h.p_rxasIi5Rh_9x\"><a href=\"https:\/\/riterm.org\/index.php\/comite-2\/\">Comit\u00e9 ejecutivo<\/a><\/h2>\n\n\n\n<h2 class=\"wp-block-heading\" id=\"h.p_zQGw-Bt-iDoJ\"><a rel=\"noreferrer noopener\" href=\"https:\/\/seer.ufrgs.br\/index.php\/riterm\/index\" target=\"_blank\">Debate Terminol\u00f3gico<\/a><\/h2>\n\n\n\n<h2 class=\"wp-block-heading\" id=\"h.p_GzXR0dLkiMD3\"><a href=\"https:\/\/sites.google.com\/view\/riterm\/es?authuser=0#h.p_GzXR0dLkiMD3\"><\/a><a href=\"https:\/\/riterm.org\/index.php\/simposio-2\/\">Simposio<\/a><\/h2>\n\n\n\n<h2 class=\"wp-block-heading\"><a href=\"https:\/\/www.youtube.com\/playlist?list=PL3oo0KFQa0_fINhs3U7w-SqZ-uddk64oe\" target=\"_blank\" rel=\"noreferrer noopener\">Tertulias terminol\u00f3gicas<\/a><\/h2>\n\n\n\n<h2 class=\"wp-block-heading\" id=\"h.p_-NE-Pfm3iQuT\"><a href=\"https:\/\/sites.google.com\/view\/riterm\/es?authuser=0#h.p_-NE-Pfm3iQuT\"><\/a><a href=\"https:\/\/riterm.org\/index.php\/contacto\/\">Contacto<\/a><\/h2>\n<\/div>\n\n\n\n<div class=\"wp-block-column is-layout-flow wp-block-column-is-layout-flow\"><\/div>\n\n\n\n<div class=\"wp-block-column is-layout-flow wp-block-column-is-layout-flow\">\n<h2 class=\"wp-block-heading has-text-align-left\" id=\"h.p_0KY5oCA6HcVA\">DESTACAMOS<\/h2>\n\n\n\n<h3 class=\"wp-block-heading has-text-align-left\"><a rel=\"noreferrer noopener\" href=\"https:\/\/seer.ufrgs.br\/index.php\/riterm\/announcement\/view\/1750\" target=\"_blank\">Env\u00edo de propuestas a Debate Terminol\u00f3gico<\/a><\/h3>\n\n\n\n<h3 class=\"wp-block-heading has-text-align-left\">Tertulias en YouTube:<\/h3>\n\n\n\n<figure class=\"wp-block-embed is-type-video is-provider-youtube wp-block-embed-youtube wp-embed-aspect-16-9 wp-has-aspect-ratio\"><div class=\"wp-block-embed__wrapper\">\n<iframe loading=\"lazy\" title=\"WIPO Pearl: el portal de terminolog\u00eda multiling\u00fce de la OMPI\" width=\"500\" height=\"281\" src=\"https:\/\/www.youtube.com\/embed\/GVBvsRbDcrs?feature=oembed\" frameborder=\"0\" allow=\"accelerometer; autoplay; clipboard-write; encrypted-media; gyroscope; picture-in-picture; web-share\" referrerpolicy=\"strict-origin-when-cross-origin\" allowfullscreen><\/iframe>\n<\/div><\/figure>\n<\/div>\n<\/div>\n\n\n\n<p class=\"has-text-align-center has-white-color has-text-color has-background has-small-font-size\" style=\"background-color:#157a85\"><small><strong>Sede actual:<\/strong><\/small><br><small>Universidad de Antioquia<\/small><br><small>Medell\u00edn, Colombia<\/small><\/p>\n","protected":false},"excerpt":{"rendered":"<p>Red Iberoamericana de Terminolog\u00eda Presentaci\u00f3n Miembros Comit\u00e9 ejecutivo Debate Terminol\u00f3gico Simposio Tertulias terminol\u00f3gicas Contacto DESTACAMOS Env\u00edo de propuestas a Debate Terminol\u00f3gico Tertulias en YouTube: Sede actual:Universidad de AntioquiaMedell\u00edn, Colombia<\/p>\n","protected":false},"author":1,"featured_media":0,"parent":0,"menu_order":0,"comment_status":"closed","ping_status":"closed","template":"","meta":{"footnotes":""},"class_list":["post-68","page","type-page","status-publish","hentry"],"_links":{"self":[{"href":"https:\/\/riterm.org\/index.php\/wp-json\/wp\/v2\/pages\/68","targetHints":{"allow":["GET"]}}],"collection":[{"href":"https:\/\/riterm.org\/index.php\/wp-json\/wp\/v2\/pages"}],"about":[{"href":"https:\/\/riterm.org\/index.php\/wp-json\/wp\/v2\/types\/page"}],"author":[{"embeddable":true,"href":"https:\/\/riterm.org\/index.php\/wp-json\/wp\/v2\/users\/1"}],"replies":[{"embeddable":true,"href":"https:\/\/riterm.org\/index.php\/wp-json\/wp\/v2\/comments?post=68"}],"version-history":[{"count":46,"href":"https:\/\/riterm.org\/index.php\/wp-json\/wp\/v2\/pages\/68\/revisions"}],"predecessor-version":[{"id":1511,"href":"https:\/\/riterm.org\/index.php\/wp-json\/wp\/v2\/pages\/68\/revisions\/1511"}],"wp:attachment":[{"href":"https:\/\/riterm.org\/index.php\/wp-json\/wp\/v2\/media?parent=68"}],"curies":[{"name":"wp","href":"https:\/\/api.w.org\/{rel}","templated":true}]}}