{"id":6,"date":"2020-11-11T22:44:18","date_gmt":"2020-11-11T22:44:18","guid":{"rendered":"https:\/\/riterm.org\/index\/?page_id=6"},"modified":"2023-05-04T14:09:07","modified_gmt":"2023-05-04T14:09:07","slug":"el-nuevo-umoma-abre-sus-puertas-2","status":"publish","type":"page","link":"https:\/\/riterm.org\/","title":{"rendered":"Index"},"content":{"rendered":"\n<div class=\"wp-block-group alignwide\"><div class=\"wp-block-group__inner-container is-layout-flow wp-block-group-is-layout-flow\">\n<div class=\"wp-block-cover\"><span aria-hidden=\"true\" class=\"wp-block-cover__background has-background-dim\"><\/span><img loading=\"lazy\" decoding=\"async\" width=\"1600\" height=\"1298\" class=\"wp-block-cover__image-background wp-image-276\" alt=\"\" src=\"https:\/\/riterm.org\/wp-content\/uploads\/2020\/11\/inicio.jpg\" data-object-fit=\"cover\" srcset=\"https:\/\/riterm.org\/wp-content\/uploads\/2020\/11\/inicio.jpg 1600w, https:\/\/riterm.org\/wp-content\/uploads\/2020\/11\/inicio-300x243.jpg 300w, https:\/\/riterm.org\/wp-content\/uploads\/2020\/11\/inicio-1024x831.jpg 1024w, https:\/\/riterm.org\/wp-content\/uploads\/2020\/11\/inicio-768x623.jpg 768w, https:\/\/riterm.org\/wp-content\/uploads\/2020\/11\/inicio-1536x1246.jpg 1536w\" sizes=\"auto, (max-width: 1600px) 100vw, 1600px\" \/><div class=\"wp-block-cover__inner-container is-layout-flow wp-block-cover-is-layout-flow\">\n<h2 class=\"wp-block-heading has-large-font-size\" id=\"h.p_JYZFz6D6zHBx\">Red Iberoamericana de Terminolog\u00eda<\/h2>\n\n\n\n<h2 class=\"wp-block-heading has-large-font-size\" id=\"h.p_LwB-ni6NzKew\">Rede Ibero-americana de Terminologia<\/h2>\n\n\n\n<h2 class=\"wp-block-heading has-large-font-size\">Xarxa Iberoamericana de Terminologia<\/h2>\n<\/div><\/div>\n<\/div><\/div>\n\n\n\n<hr class=\"wp-block-separator has-css-opacity is-style-wide\"\/>\n\n\n\n<div class=\"wp-block-columns is-layout-flex wp-container-core-columns-is-layout-9d6595d7 wp-block-columns-is-layout-flex\">\n<div class=\"wp-block-column is-layout-flow wp-block-column-is-layout-flow\">\n<div class=\"wp-block-media-text alignwide is-stacked-on-mobile\" style=\"grid-template-columns:20% auto\"><figure class=\"wp-block-media-text__media\"><a href=\"https:\/\/riterm.org\/index.php\/portugues\/\"><img loading=\"lazy\" decoding=\"async\" width=\"125\" height=\"125\" src=\"https:\/\/riterm.org\/wp-content\/uploads\/2020\/11\/b76f23041bc5a2796277d14d09d54068.png\" alt=\"\" class=\"wp-image-41\"\/><\/a><\/figure><div class=\"wp-block-media-text__content\">\n\n<p class=\"has-large-font-size\">Portugu\u00eas<\/p>\n\n<\/div><\/div>\n<\/div>\n\n\n\n<div class=\"wp-block-column is-layout-flow wp-block-column-is-layout-flow\">\n<div class=\"wp-block-media-text alignwide is-stacked-on-mobile\" style=\"grid-template-columns:20% auto\"><figure class=\"wp-block-media-text__media\"><a href=\"https:\/\/riterm.org\/index.php\/espanol\/\"><img loading=\"lazy\" decoding=\"async\" width=\"125\" height=\"125\" src=\"https:\/\/riterm.org\/wp-content\/uploads\/2020\/11\/6f89246297d734cf952e043f0ca61330.png\" alt=\"\" class=\"wp-image-43\"\/><\/a><\/figure><div class=\"wp-block-media-text__content\">\n\n<p class=\"has-large-font-size\">Espa\u00f1ol<\/p>\n\n<\/div><\/div>\n<\/div>\n\n\n\n<div class=\"wp-block-column is-layout-flow wp-block-column-is-layout-flow\">\n<div class=\"wp-block-media-text alignwide is-stacked-on-mobile\" style=\"grid-template-columns:20% auto\"><figure class=\"wp-block-media-text__media\"><a href=\"https:\/\/riterm.org\/index.php\/catala\/\"><img loading=\"lazy\" decoding=\"async\" width=\"125\" height=\"125\" src=\"https:\/\/riterm.org\/wp-content\/uploads\/2020\/11\/108b29cce2401d094e1df09c9de43958.png\" alt=\"\" class=\"wp-image-42\"\/><\/a><\/figure><div class=\"wp-block-media-text__content\">\n\n<p class=\"has-large-font-size\">Catal\u00e0<\/p>\n\n<\/div><\/div>\n<\/div>\n<\/div>\n","protected":false},"excerpt":{"rendered":"<p>Portugu\u00eas Espa\u00f1ol Catal\u00e0<\/p>\n","protected":false},"author":1,"featured_media":0,"parent":0,"menu_order":0,"comment_status":"closed","ping_status":"closed","template":"","meta":{"footnotes":""},"class_list":["post-6","page","type-page","status-publish","hentry"],"_links":{"self":[{"href":"https:\/\/riterm.org\/index.php\/wp-json\/wp\/v2\/pages\/6","targetHints":{"allow":["GET"]}}],"collection":[{"href":"https:\/\/riterm.org\/index.php\/wp-json\/wp\/v2\/pages"}],"about":[{"href":"https:\/\/riterm.org\/index.php\/wp-json\/wp\/v2\/types\/page"}],"author":[{"embeddable":true,"href":"https:\/\/riterm.org\/index.php\/wp-json\/wp\/v2\/users\/1"}],"replies":[{"embeddable":true,"href":"https:\/\/riterm.org\/index.php\/wp-json\/wp\/v2\/comments?post=6"}],"version-history":[{"count":21,"href":"https:\/\/riterm.org\/index.php\/wp-json\/wp\/v2\/pages\/6\/revisions"}],"predecessor-version":[{"id":567,"href":"https:\/\/riterm.org\/index.php\/wp-json\/wp\/v2\/pages\/6\/revisions\/567"}],"wp:attachment":[{"href":"https:\/\/riterm.org\/index.php\/wp-json\/wp\/v2\/media?parent=6"}],"curies":[{"name":"wp","href":"https:\/\/api.w.org\/{rel}","templated":true}]}}