{"id":419,"date":"2021-09-30T23:19:11","date_gmt":"2021-09-30T23:19:11","guid":{"rendered":"https:\/\/riterm.org\/?page_id=419"},"modified":"2024-06-18T05:27:14","modified_gmt":"2024-06-18T05:27:14","slug":"inscripcion","status":"publish","type":"page","link":"https:\/\/riterm.org\/index.php\/inscripcion\/","title":{"rendered":"Inscripci\u00f3n"},"content":{"rendered":"\n<div class=\"wp-block-cover has-background-dim\" style=\"background-image:url(https:\/\/riterm.org\/wp-content\/uploads\/2020\/11\/espanol.jpg)\"><div class=\"wp-block-cover__inner-container is-layout-flow wp-block-cover-is-layout-flow\">\n<p class=\"has-text-align-center\" style=\"font-size:50px\">Inscripci\u00f3n<\/p>\n<\/div><\/div>\n\n\n\n<hr class=\"wp-block-separator is-style-wide\"\/>\n\n\n\n<p>La inscripci\u00f3n a RITerm 2021 cubre principalmente el acceso a la plataforma donde se realizar\u00e1 el Simposio virtual. Se tiene una cuota simb\u00f3lica para ponentes y asistentes.<\/p>\n\n\n\n<p>Cada ponencia debe tener un pago como ponente. En caso de que la ponencia sea de varios autores y estos quieran entrar a la plataforma, deber\u00e1n cubrir pago como asistentes.Oferecendo colares femininos populares, como pingentes, gargantilhas e <a href=\"https:\/\/www.high-endrolex.com\/\">chain necklace<\/a>. Compre joias em uma variedade de metais e pedras preciosas para qualquer ocasi\u00e3o<\/p>\n\n\n\n<p>El pago deber\u00e1 realizarse por PayPal, ya sea en d\u00f3lares, euros o pesos mexicanos. Paypal cobra una peque\u00f1a comisi\u00f3n seg\u00fan la divisa.<\/p>\n\n\n\n<div class=\"wp-block-group\"><div class=\"wp-block-group__inner-container is-layout-flow wp-block-group-is-layout-flow\">\n<div class=\"wp-block-group\"><div class=\"wp-block-group__inner-container is-layout-flow wp-block-group-is-layout-flow\">\n<figure class=\"wp-block-table is-style-stripes\"><table><tbody><tr><td><\/td><td class=\"has-text-align-center\" data-align=\"center\"><strong>Ponentes<\/strong><\/td><td class=\"has-text-align-center\" data-align=\"center\"><strong>Asistentes<\/strong><\/td><\/tr><tr><td>Pesos<\/td><td class=\"has-text-align-center\" data-align=\"center\">$ 400 MXN<\/td><td class=\"has-text-align-center\" data-align=\"center\">$ 200 MXN<\/td><\/tr><tr><td>D\u00f3lares<\/td><td class=\"has-text-align-center\" data-align=\"center\">$ 20 USD<\/td><td class=\"has-text-align-center\" data-align=\"center\">$ 10 USD<\/td><\/tr><tr><td>Euros<\/td><td class=\"has-text-align-center\" data-align=\"center\">17 Euro<\/td><td class=\"has-text-align-center\" data-align=\"center\">8.50 Euro<\/td><\/tr><\/tbody><\/table><\/figure>\n<\/div><\/div>\n<\/div><\/div>\n\n\n\n<h2 class=\"has-text-align-center wp-block-heading\">Seleccione \u00abenviar\u00bb, luego la divisa, ingrese el monto correspondiente y al final escriba su nombre en la secci\u00f3n de \u00abnotas\u00bb.<\/h2>\n\n\n\n<div class=\"wp-block-buttons aligncenter is-layout-flex wp-block-buttons-is-layout-flex\">\n<div class=\"wp-block-button\"><a class=\"wp-block-button__link\" href=\"https:\/\/www.paypal.com\/paypalme\/RITerm2021?locale.x=es_XC\" target=\"_blank\" rel=\"noreferrer noopener\"><strong>Ir a pago<\/strong><\/a><\/div>\n<\/div>\n\n\n\n<p><strong>Importante:<\/strong> Para efectos de seguimiento, s\u00edrvanse enviarnos una copia de su pago a la siguiente direcci\u00f3n: <strong>simposio@riterm.org<\/strong><\/p>\n","protected":false},"excerpt":{"rendered":"<p>La inscripci\u00f3n a RITerm 2021 cubre principalmente el acceso a la plataforma donde se realizar\u00e1 el Simposio virtual. Se tiene una cuota simb\u00f3lica para ponentes y asistentes. Cada ponencia debe tener un pago como ponente. En caso de que la ponencia sea de varios autores y estos quieran entrar a la plataforma, deber\u00e1n cubrir pago [&hellip;]<\/p>\n","protected":false},"author":1,"featured_media":0,"parent":0,"menu_order":0,"comment_status":"closed","ping_status":"closed","template":"","meta":{"footnotes":""},"class_list":["post-419","page","type-page","status-publish","hentry"],"_links":{"self":[{"href":"https:\/\/riterm.org\/index.php\/wp-json\/wp\/v2\/pages\/419","targetHints":{"allow":["GET"]}}],"collection":[{"href":"https:\/\/riterm.org\/index.php\/wp-json\/wp\/v2\/pages"}],"about":[{"href":"https:\/\/riterm.org\/index.php\/wp-json\/wp\/v2\/types\/page"}],"author":[{"embeddable":true,"href":"https:\/\/riterm.org\/index.php\/wp-json\/wp\/v2\/users\/1"}],"replies":[{"embeddable":true,"href":"https:\/\/riterm.org\/index.php\/wp-json\/wp\/v2\/comments?post=419"}],"version-history":[{"count":5,"href":"https:\/\/riterm.org\/index.php\/wp-json\/wp\/v2\/pages\/419\/revisions"}],"predecessor-version":[{"id":426,"href":"https:\/\/riterm.org\/index.php\/wp-json\/wp\/v2\/pages\/419\/revisions\/426"}],"wp:attachment":[{"href":"https:\/\/riterm.org\/index.php\/wp-json\/wp\/v2\/media?parent=419"}],"curies":[{"name":"wp","href":"https:\/\/api.w.org\/{rel}","templated":true}]}}