{"id":220,"date":"2020-11-20T18:34:22","date_gmt":"2020-11-20T18:34:22","guid":{"rendered":"https:\/\/riterm.org\/index\/?page_id=220"},"modified":"2020-11-20T18:34:22","modified_gmt":"2020-11-20T18:34:22","slug":"debate-terminologico-3","status":"publish","type":"page","link":"https:\/\/riterm.org\/index.php\/debate-terminologico-3\/","title":{"rendered":"Debate Terminol\u00f3gico"},"content":{"rendered":"\n<div class=\"wp-block-cover has-background-dim\" style=\"background-image:url(https:\/\/riterm.org\/index\/wp-content\/uploads\/2020\/11\/cbb87d473bf2efd7dc23d95ba64fb550.jpg)\"><div class=\"wp-block-cover__inner-container is-layout-flow wp-block-cover-is-layout-flow\">\n<p class=\"has-text-align-center\" style=\"font-size:50px\">Debate Terminol\u00f3gico<\/p>\n<\/div><\/div>\n\n\n\n<hr class=\"wp-block-separator is-style-wide\"\/>\n\n\n\n<p id=\"h.p_rfa8IkUvDKFs\">La revista Debate Terminol\u00f3gico \u00e9s, en realitat, un canal de difusi\u00f3 i discussi\u00f3 d\u2019idees relacionades amb la terminologia entre els membres de la RITerm. La revista es publica dos cops l\u2019any i es dedica a difondre investigacions, reflexions te\u00f2riques, traduccions, confer\u00e8ncies i comentaris per a ser un centre de discussi\u00f3 de diverses q\u00fcestions terminol\u00f2giques. La revista Debate Terminol\u00f3gico publica articles de diversos autors llatinoamericans dedicats a la investigaci\u00f3 i a l\u2019estudi d\u2019\u00e0rees relacionades amb la terminologia i el coneixement.<\/p>\n\n\n\n<p id=\"h.p_vhqfN6yaDLoI\">Amb la reestructuraci\u00f3 de RITerm, el nou web de la revista Debate Terminol\u00f3gico \u00e9s&nbsp;<a href=\"http:\/\/www.google.com\/url?q=http%3A%2F%2Fseer.ufrgs.br%2Friterm&amp;sa=D&amp;sntz=1&amp;usg=AFQjCNHhYzxcPiaJyt3plMBecE2LSFTAgw\" target=\"_blank\" rel=\"noreferrer noopener\"><strong>http:\/\/seer.ufrgs.br\/riterm<\/strong><\/a>. All\u00ed accedireu tant al n\u00famero actual de la revista com als n\u00fameros anteriors, i a tota la informaci\u00f3 addicional d\u2019import\u00e0ncia, com les crides a nous articles com les normes de presentaci\u00f3.<\/p>\n\n\n\n<p id=\"h.p_YKOUBR38DLoJ\">Adre\u00e7a electr\u00f2nica: debateterminologico@gmail.com<\/p>\n","protected":false},"excerpt":{"rendered":"<p>La revista Debate Terminol\u00f3gico \u00e9s, en realitat, un canal de difusi\u00f3 i discussi\u00f3 d\u2019idees relacionades amb la terminologia entre els membres de la RITerm. La revista es publica dos cops l\u2019any i es dedica a difondre investigacions, reflexions te\u00f2riques, traduccions, confer\u00e8ncies i comentaris per a ser un centre de discussi\u00f3 de diverses q\u00fcestions terminol\u00f2giques. La [&hellip;]<\/p>\n","protected":false},"author":1,"featured_media":0,"parent":0,"menu_order":0,"comment_status":"closed","ping_status":"closed","template":"","meta":{"footnotes":""},"class_list":["post-220","page","type-page","status-publish","hentry"],"_links":{"self":[{"href":"https:\/\/riterm.org\/index.php\/wp-json\/wp\/v2\/pages\/220","targetHints":{"allow":["GET"]}}],"collection":[{"href":"https:\/\/riterm.org\/index.php\/wp-json\/wp\/v2\/pages"}],"about":[{"href":"https:\/\/riterm.org\/index.php\/wp-json\/wp\/v2\/types\/page"}],"author":[{"embeddable":true,"href":"https:\/\/riterm.org\/index.php\/wp-json\/wp\/v2\/users\/1"}],"replies":[{"embeddable":true,"href":"https:\/\/riterm.org\/index.php\/wp-json\/wp\/v2\/comments?post=220"}],"version-history":[{"count":1,"href":"https:\/\/riterm.org\/index.php\/wp-json\/wp\/v2\/pages\/220\/revisions"}],"predecessor-version":[{"id":221,"href":"https:\/\/riterm.org\/index.php\/wp-json\/wp\/v2\/pages\/220\/revisions\/221"}],"wp:attachment":[{"href":"https:\/\/riterm.org\/index.php\/wp-json\/wp\/v2\/media?parent=220"}],"curies":[{"name":"wp","href":"https:\/\/api.w.org\/{rel}","templated":true}]}}