{"id":210,"date":"2020-11-20T18:29:11","date_gmt":"2020-11-20T18:29:11","guid":{"rendered":"https:\/\/riterm.org\/index\/?page_id=210"},"modified":"2024-04-01T14:13:40","modified_gmt":"2024-04-01T14:13:40","slug":"comite-3","status":"publish","type":"page","link":"https:\/\/riterm.org\/index.php\/comite-3\/","title":{"rendered":"Comit\u00e8"},"content":{"rendered":"\n<div class=\"wp-block-cover\" style=\"min-height:242px;aspect-ratio:unset;\"><span aria-hidden=\"true\" class=\"wp-block-cover__background has-background-dim\"><\/span><img loading=\"lazy\" decoding=\"async\" width=\"2560\" height=\"1703\" class=\"wp-block-cover__image-background wp-image-259\" alt=\"\" src=\"https:\/\/riterm.org\/wp-content\/uploads\/2020\/11\/portug.jpg\" data-object-fit=\"cover\" srcset=\"https:\/\/riterm.org\/wp-content\/uploads\/2020\/11\/portug.jpg 2560w, https:\/\/riterm.org\/wp-content\/uploads\/2020\/11\/portug-300x200.jpg 300w, https:\/\/riterm.org\/wp-content\/uploads\/2020\/11\/portug-1024x681.jpg 1024w, https:\/\/riterm.org\/wp-content\/uploads\/2020\/11\/portug-768x511.jpg 768w, https:\/\/riterm.org\/wp-content\/uploads\/2020\/11\/portug-1536x1022.jpg 1536w, https:\/\/riterm.org\/wp-content\/uploads\/2020\/11\/portug-2048x1362.jpg 2048w\" sizes=\"auto, (max-width: 2560px) 100vw, 2560px\" \/><div class=\"wp-block-cover__inner-container is-layout-flow wp-block-cover-is-layout-flow\">\n<p class=\"has-text-align-center\" style=\"font-size:50px\">Comit\u00e8 executiu<\/p>\n<\/div><\/div>\n\n\n\n<hr class=\"wp-block-separator has-css-opacity is-style-wide\"\/>\n\n\n\n<h2 class=\"wp-block-heading\" id=\"h.p_k8d2bZ03_7JM\">Actual (2023-2025)<\/h2>\n\n\n\n<h3 class=\"wp-block-heading\" id=\"h.p_eJTaaLMShVXk\"><strong>President:<\/strong><\/h3>\n\n\n\n<div class=\"wp-block-columns is-layout-flex wp-container-core-columns-is-layout-9d6595d7 wp-block-columns-is-layout-flex\">\n<div class=\"wp-block-column is-layout-flow wp-block-column-is-layout-flow\" style=\"flex-basis:30%\">\n<p id=\"h.p_BfukiFzshV0A\"><strong>John Jairo Giraldo Ortiz<\/strong><\/p>\n\n\n\n<p>Universidad de Antioquia, Col\u00f2mbia<\/p>\n<\/div>\n\n\n\n<div class=\"wp-block-column is-layout-flow wp-block-column-is-layout-flow\" style=\"flex-basis:50%\">\n<figure class=\"wp-block-image size-full is-resized\"><img loading=\"lazy\" decoding=\"async\" width=\"250\" height=\"250\" src=\"https:\/\/riterm.org\/wp-content\/uploads\/2024\/04\/johngiraldo.png\" alt=\"\" class=\"wp-image-972\" style=\"object-fit:cover;width:200px;height:200px\" srcset=\"https:\/\/riterm.org\/wp-content\/uploads\/2024\/04\/johngiraldo.png 250w, https:\/\/riterm.org\/wp-content\/uploads\/2024\/04\/johngiraldo-150x150.png 150w\" sizes=\"auto, (max-width: 250px) 100vw, 250px\" \/><\/figure>\n<\/div>\n<\/div>\n\n\n\n<h3 class=\"wp-block-heading\" id=\"h.p_qHgpNWLMhV0C\"><strong>Vicepresidenta:<\/strong><\/h3>\n\n\n\n<div class=\"wp-block-columns is-layout-flex wp-container-core-columns-is-layout-9d6595d7 wp-block-columns-is-layout-flex\">\n<div class=\"wp-block-column is-layout-flow wp-block-column-is-layout-flow\" style=\"flex-basis:30%\">\n<p id=\"h.p_rVB_Vu8PhV0D\"><strong>Ioana Cornea<\/strong><\/p>\n\n\n\n<p id=\"h.p_rVB_Vu8PhV0D\">ENALT-Universidad Aut\u00f3noma de M\u00e9xico, M\u00e8xic<\/p>\n<\/div>\n\n\n\n<div class=\"wp-block-column is-layout-flow wp-block-column-is-layout-flow\" style=\"flex-basis:50%\">\n<figure class=\"wp-block-image size-full is-resized\"><img loading=\"lazy\" decoding=\"async\" width=\"250\" height=\"250\" src=\"https:\/\/riterm.org\/wp-content\/uploads\/2024\/04\/CORNEA_FINAL.png\" alt=\"\" class=\"wp-image-980\" style=\"object-fit:cover;width:200px;height:200px\" srcset=\"https:\/\/riterm.org\/wp-content\/uploads\/2024\/04\/CORNEA_FINAL.png 250w, https:\/\/riterm.org\/wp-content\/uploads\/2024\/04\/CORNEA_FINAL-150x150.png 150w\" sizes=\"auto, (max-width: 250px) 100vw, 250px\" \/><\/figure>\n<\/div>\n<\/div>\n\n\n\n<h3 class=\"wp-block-heading\" id=\"h.p_yHSWgfC6hV0G\"><strong>Secretaria:<\/strong><\/h3>\n\n\n\n<div class=\"wp-block-columns is-layout-flex wp-container-core-columns-is-layout-9d6595d7 wp-block-columns-is-layout-flex\">\n<div class=\"wp-block-column is-layout-flow wp-block-column-is-layout-flow\" style=\"flex-basis:30%\">\n<p><strong>Edmar Peixoto<\/strong><\/p>\n\n\n\n<p>Universidad do Estado do Rio Grande do Norte, Brasil<\/p>\n<\/div>\n\n\n\n<div class=\"wp-block-column is-layout-flow wp-block-column-is-layout-flow\" style=\"flex-basis:50%\">\n<figure class=\"wp-block-image size-full is-resized\"><img loading=\"lazy\" decoding=\"async\" width=\"250\" height=\"250\" src=\"https:\/\/riterm.org\/wp-content\/uploads\/2024\/04\/Edmar_FINAL.png\" alt=\"\" class=\"wp-image-982\" style=\"object-fit:cover;width:200px;height:200px\" srcset=\"https:\/\/riterm.org\/wp-content\/uploads\/2024\/04\/Edmar_FINAL.png 250w, https:\/\/riterm.org\/wp-content\/uploads\/2024\/04\/Edmar_FINAL-150x150.png 150w\" sizes=\"auto, (max-width: 250px) 100vw, 250px\" \/><\/figure>\n<\/div>\n<\/div>\n\n\n\n<div class=\"wp-block-columns is-layout-flex wp-container-core-columns-is-layout-9d6595d7 wp-block-columns-is-layout-flex\">\n<div class=\"wp-block-column is-layout-flow wp-block-column-is-layout-flow\" style=\"flex-basis:30%\">\n<p><strong>Gabriel Quiroz<\/strong><\/p>\n\n\n\n<p>Universidad de Antioquia, Col\u00f2mbia<\/p>\n<\/div>\n\n\n\n<div class=\"wp-block-column is-layout-flow wp-block-column-is-layout-flow\" style=\"flex-basis:50%\">\n<figure class=\"wp-block-image size-full is-resized\"><img loading=\"lazy\" decoding=\"async\" width=\"250\" height=\"250\" src=\"https:\/\/riterm.org\/wp-content\/uploads\/2024\/04\/Quiroz_FINAL.png\" alt=\"\" class=\"wp-image-984\" style=\"object-fit:cover;width:200px;height:200px\" srcset=\"https:\/\/riterm.org\/wp-content\/uploads\/2024\/04\/Quiroz_FINAL.png 250w, https:\/\/riterm.org\/wp-content\/uploads\/2024\/04\/Quiroz_FINAL-150x150.png 150w\" sizes=\"auto, (max-width: 250px) 100vw, 250px\" \/><\/figure>\n<\/div>\n<\/div>\n\n\n\n<h3 class=\"wp-block-heading\" id=\"h.p_rn5_Iwf9hV0I\"><strong>Comunicacions:<\/strong><\/h3>\n\n\n\n<div class=\"wp-block-columns is-layout-flex wp-container-core-columns-is-layout-9d6595d7 wp-block-columns-is-layout-flex\">\n<div class=\"wp-block-column is-layout-flow wp-block-column-is-layout-flow\" style=\"flex-basis:30%\">\n<p><strong>Laia Vidal-Saban\u00e9s<\/strong><\/p>\n\n\n\n<p>IULA-Universitat Pompeu Fabra, Espanya<\/p>\n<\/div>\n\n\n\n<div class=\"wp-block-column is-layout-flow wp-block-column-is-layout-flow\" style=\"flex-basis:50%\">\n<figure class=\"wp-block-image size-full is-resized\"><img loading=\"lazy\" decoding=\"async\" width=\"250\" height=\"250\" src=\"https:\/\/riterm.org\/wp-content\/uploads\/2024\/04\/Laia_FINAL.png\" alt=\"\" class=\"wp-image-987\" style=\"object-fit:cover;width:200px;height:200px\" srcset=\"https:\/\/riterm.org\/wp-content\/uploads\/2024\/04\/Laia_FINAL.png 250w, https:\/\/riterm.org\/wp-content\/uploads\/2024\/04\/Laia_FINAL-150x150.png 150w\" sizes=\"auto, (max-width: 250px) 100vw, 250px\" \/><\/figure>\n<\/div>\n<\/div>\n\n\n\n<h3 class=\"wp-block-heading\" id=\"h.p_AOMyhq41hV0J\"><strong>Revista Debate Terminol\u00f3gico:<\/strong><\/h3>\n\n\n\n<div class=\"wp-block-columns is-layout-flex wp-container-core-columns-is-layout-9d6595d7 wp-block-columns-is-layout-flex\">\n<div class=\"wp-block-column is-layout-flow wp-block-column-is-layout-flow\" style=\"flex-basis:30%\">\n<p id=\"h.p_rVB_Vu8PhV0D\"><strong>Jorge L\u00e1zaro<\/strong><\/p>\n\n\n\n<p id=\"h.p_rVB_Vu8PhV0D\">Universidad Aut\u00f3noma de Baja California, M\u00e8xic<\/p>\n<\/div>\n\n\n\n<div class=\"wp-block-column is-layout-flow wp-block-column-is-layout-flow\" style=\"flex-basis:50%\">\n<figure class=\"wp-block-image size-full is-resized\"><img loading=\"lazy\" decoding=\"async\" width=\"250\" height=\"250\" src=\"https:\/\/riterm.org\/wp-content\/uploads\/2024\/04\/Jorge-Lazaro.png\" alt=\"\" class=\"wp-image-988\" style=\"object-fit:cover;width:200px;height:200px\" srcset=\"https:\/\/riterm.org\/wp-content\/uploads\/2024\/04\/Jorge-Lazaro.png 250w, https:\/\/riterm.org\/wp-content\/uploads\/2024\/04\/Jorge-Lazaro-150x150.png 150w\" sizes=\"auto, (max-width: 250px) 100vw, 250px\" \/><\/figure>\n<\/div>\n<\/div>\n\n\n\n<h3 class=\"wp-block-heading\" id=\"h.p_GsccPpkXhV0K\"><strong>Administrador\/Tresorer i Representant del XVIII Simposi:<\/strong><\/h3>\n\n\n\n<div class=\"wp-block-columns is-layout-flex wp-container-core-columns-is-layout-9d6595d7 wp-block-columns-is-layout-flex\">\n<div class=\"wp-block-column is-layout-flow wp-block-column-is-layout-flow\" style=\"flex-basis:30%\">\n<p><strong>Jorge M. Porras-Garz\u00f3n<\/strong><\/p>\n\n\n\n<p>Universidad de Antioquia, Col\u00f2mbia<\/p>\n<\/div>\n\n\n\n<div class=\"wp-block-column is-layout-flow wp-block-column-is-layout-flow\" style=\"flex-basis:50%\">\n<figure class=\"wp-block-image size-full is-resized\"><img loading=\"lazy\" decoding=\"async\" width=\"250\" height=\"250\" src=\"https:\/\/riterm.org\/wp-content\/uploads\/2024\/04\/Porras_FINAL.png\" alt=\"\" class=\"wp-image-989\" style=\"object-fit:cover;width:200px;height:200px\" srcset=\"https:\/\/riterm.org\/wp-content\/uploads\/2024\/04\/Porras_FINAL.png 250w, https:\/\/riterm.org\/wp-content\/uploads\/2024\/04\/Porras_FINAL-150x150.png 150w\" sizes=\"auto, (max-width: 250px) 100vw, 250px\" \/><\/figure>\n<\/div>\n<\/div>\n\n\n\n<h2 class=\"wp-block-heading\" id=\"h.p_WzZ0npXa__3Q\"><a href=\"https:\/\/sites.google.com\/view\/riterm\/ct\/comite?authuser=0#h.p_WzZ0npXa__3Q\"><\/a><a href=\"https:\/\/riterm.org\/index.php\/anteriors\/\">Anteriors<\/a><\/h2>\n","protected":false},"excerpt":{"rendered":"<p>Actual (2023-2025) President: John Jairo Giraldo Ortiz Universidad de Antioquia, Col\u00f2mbia Vicepresidenta: Ioana Cornea ENALT-Universidad Aut\u00f3noma de M\u00e9xico, M\u00e8xic Secretaria: Edmar Peixoto Universidad do Estado do Rio Grande do Norte, Brasil Gabriel Quiroz Universidad de Antioquia, Col\u00f2mbia Comunicacions: Laia Vidal-Saban\u00e9s IULA-Universitat Pompeu Fabra, Espanya Revista Debate Terminol\u00f3gico: Jorge L\u00e1zaro Universidad Aut\u00f3noma de Baja California, M\u00e8xic [&hellip;]<\/p>\n","protected":false},"author":1,"featured_media":0,"parent":0,"menu_order":0,"comment_status":"closed","ping_status":"closed","template":"","meta":{"footnotes":""},"class_list":["post-210","page","type-page","status-publish","hentry"],"_links":{"self":[{"href":"https:\/\/riterm.org\/index.php\/wp-json\/wp\/v2\/pages\/210","targetHints":{"allow":["GET"]}}],"collection":[{"href":"https:\/\/riterm.org\/index.php\/wp-json\/wp\/v2\/pages"}],"about":[{"href":"https:\/\/riterm.org\/index.php\/wp-json\/wp\/v2\/types\/page"}],"author":[{"embeddable":true,"href":"https:\/\/riterm.org\/index.php\/wp-json\/wp\/v2\/users\/1"}],"replies":[{"embeddable":true,"href":"https:\/\/riterm.org\/index.php\/wp-json\/wp\/v2\/comments?post=210"}],"version-history":[{"count":19,"href":"https:\/\/riterm.org\/index.php\/wp-json\/wp\/v2\/pages\/210\/revisions"}],"predecessor-version":[{"id":1030,"href":"https:\/\/riterm.org\/index.php\/wp-json\/wp\/v2\/pages\/210\/revisions\/1030"}],"wp:attachment":[{"href":"https:\/\/riterm.org\/index.php\/wp-json\/wp\/v2\/media?parent=210"}],"curies":[{"name":"wp","href":"https:\/\/api.w.org\/{rel}","templated":true}]}}