{"id":199,"date":"2020-11-20T18:18:58","date_gmt":"2020-11-20T18:18:58","guid":{"rendered":"https:\/\/riterm.org\/index\/?page_id=199"},"modified":"2024-07-25T10:28:56","modified_gmt":"2024-07-25T15:28:56","slug":"membres","status":"publish","type":"page","link":"https:\/\/riterm.org\/index.php\/membres\/","title":{"rendered":"Membres"},"content":{"rendered":"\n<hr class=\"wp-block-separator has-css-opacity is-style-wide\"\/>\n\n\n\n<h1 class=\"wp-block-heading\">Membres<\/h1>\n\n\n\n<h3 class=\"wp-block-heading\" id=\"h.p_lRMPtBqF_jP2\"><a href=\"https:\/\/riterm.org\/index.php\/individuals\/\" data-type=\"URL\" data-id=\"https:\/\/riterm.org\/index.php\/individuals\/\">Llistat de membres individuals<\/a><\/h3>\n\n\n\n<h3 class=\"wp-block-heading\" id=\"h.p_qnDp4ULR_nU4\"><a href=\"https:\/\/riterm.org\/index.php\/institucionals\/\" data-type=\"URL\" data-id=\"https:\/\/riterm.org\/index.php\/institucionals\/\">Llistat de membres institucionals<\/a><\/h3>\n\n\n\n<h3 class=\"wp-block-heading\" id=\"h.p_ftDIiaJf_wsR\"><a href=\"https:\/\/sites.google.com\/view\/riterm\/ct\/membres?authuser=0#h.p_ftDIiaJf_wsR\"><\/a>Adhesi\u00f3<\/h3>\n\n\n\n<p id=\"h.p_oLK6CNVFMBMb\">Podran ser membres de RITerm professionals, professors, investigadors, estudiants de postgrau o institucions que treballen en l\u2019\u00e0rea de la terminologia i en \u00e0rees relacionades, com la Traducci\u00f3 o la Documentaci\u00f3, entre altres.<\/p>\n\n\n\n<p id=\"h.p_LM4JnEKjMC7A\">Per a participar o actualitzar les seves dades, el sol\u00b7licitant haur\u00e0 d\u2019emplenar el formulari de membres&nbsp;i fer clic a enviar:<\/p>\n\n\n\n<ul class=\"wp-block-list\">\n<li><a rel=\"noreferrer noopener\" href=\"https:\/\/docs.google.com\/forms\/d\/e\/1FAIpQLSctgBKRnNKpsN3lWmMU_HV2EFixbQGSkyUdwYxfc_g7xE_sDQ\/viewform\" target=\"_blank\"><strong>individual<\/strong><\/a><\/li>\n\n\n\n<li><a rel=\"noreferrer noopener\" href=\"https:\/\/docs.google.com\/forms\/u\/3\/d\/e\/1FAIpQLSd3SFRaC0d-LWDt90CJQKlvXajpeX4JwMWSlEammDr8I51kfA\/viewform\" target=\"_blank\"><strong>institucional<\/strong><\/a><\/li>\n<\/ul>\n\n\n\n<p id=\"h.p_WTY-ay_wMC7B\">Els membres del Comit\u00e8 Executiu avaluaran el formulari. S\u2019enviar\u00e0 la resposta per correu electr\u00f2nic al sol\u00b7licitant.<\/p>\n\n\n\n<p id=\"h.p_B88fZHekMC7C\">Amb la reestructuraci\u00f3 de RITerm, a l&#8217;Assemblea General, celebrada durant el XII Simposi Iberoameric\u00e0 de Terminologia, es va decidir anular el cobrament de les quotes anuals als socis, ja siguin antics o nous.<\/p>\n","protected":false},"excerpt":{"rendered":"<p>Membres Llistat de membres individuals Llistat de membres institucionals Adhesi\u00f3 Podran ser membres de RITerm professionals, professors, investigadors, estudiants de postgrau o institucions que treballen en l\u2019\u00e0rea de la terminologia i en \u00e0rees relacionades, com la Traducci\u00f3 o la Documentaci\u00f3, entre altres. Per a participar o actualitzar les seves dades, el sol\u00b7licitant haur\u00e0 d\u2019emplenar el [&hellip;]<\/p>\n","protected":false},"author":1,"featured_media":0,"parent":0,"menu_order":0,"comment_status":"closed","ping_status":"closed","template":"","meta":{"footnotes":""},"class_list":["post-199","page","type-page","status-publish","hentry"],"_links":{"self":[{"href":"https:\/\/riterm.org\/index.php\/wp-json\/wp\/v2\/pages\/199","targetHints":{"allow":["GET"]}}],"collection":[{"href":"https:\/\/riterm.org\/index.php\/wp-json\/wp\/v2\/pages"}],"about":[{"href":"https:\/\/riterm.org\/index.php\/wp-json\/wp\/v2\/types\/page"}],"author":[{"embeddable":true,"href":"https:\/\/riterm.org\/index.php\/wp-json\/wp\/v2\/users\/1"}],"replies":[{"embeddable":true,"href":"https:\/\/riterm.org\/index.php\/wp-json\/wp\/v2\/comments?post=199"}],"version-history":[{"count":12,"href":"https:\/\/riterm.org\/index.php\/wp-json\/wp\/v2\/pages\/199\/revisions"}],"predecessor-version":[{"id":1276,"href":"https:\/\/riterm.org\/index.php\/wp-json\/wp\/v2\/pages\/199\/revisions\/1276"}],"wp:attachment":[{"href":"https:\/\/riterm.org\/index.php\/wp-json\/wp\/v2\/media?parent=199"}],"curies":[{"name":"wp","href":"https:\/\/api.w.org\/{rel}","templated":true}]}}