{"id":177,"date":"2020-11-19T19:33:22","date_gmt":"2020-11-19T19:33:22","guid":{"rendered":"https:\/\/riterm.org\/index\/?page_id=177"},"modified":"2021-10-28T14:12:00","modified_gmt":"2021-10-28T14:12:00","slug":"actual-2","status":"publish","type":"page","link":"https:\/\/riterm.org\/index.php\/actual-2\/","title":{"rendered":"Actual"},"content":{"rendered":"\n<div class=\"wp-block-cover has-background-dim\" style=\"background-image:url(https:\/\/riterm.org\/wp-content\/uploads\/2020\/11\/espanol.jpg)\"><div class=\"wp-block-cover__inner-container is-layout-flow wp-block-cover-is-layout-flow\">\n<p class=\"has-text-align-center\" style=\"font-size:50px\">Actual<\/p>\n<\/div><\/div>\n\n\n\n<hr class=\"wp-block-separator is-style-wide\"\/>\n\n\n\n<p id=\"h.p_FYqYrGUbBsQf\"><strong>XVII SIMPOSIO IBEROAMERICANO DE TERMINOLOG\u00cdA (RITerm 2020-2021)<\/strong><\/p>\n\n\n\n<p><strong><em>Inclusi\u00f3n y terminolog\u00eda en la sociedad actual<\/em><\/strong><\/p>\n\n\n\n<p><strong>26 al 29 de octubre de 2021, Ciudad de M\u00e9xico<\/strong><\/p>\n\n\n\n<div class=\"wp-block-buttons is-layout-flex wp-block-buttons-is-layout-flex\">\n<div class=\"wp-block-button is-style-fill\"><a class=\"wp-block-button__link\" href=\"https:\/\/riterm.org\/index.php\/inscripcion\/\"><strong>Inscripci\u00f3n<\/strong><\/a><\/div>\n\n\n\n<div class=\"wp-block-button\"><a class=\"wp-block-button__link\" href=\"https:\/\/riterm.org\/wp-content\/uploads\/2021\/10\/RITerm-2020-2021_programa1.docx-7.pdf\" target=\"_blank\" rel=\"noreferrer noopener\"><strong>Programa<\/strong><\/a><\/div>\n\n\n\n<div class=\"wp-block-button\"><a class=\"wp-block-button__link\" href=\"https:\/\/riterm.org\/wp-content\/uploads\/2021\/10\/Cuadernillo-de-resumenes.pdf\" target=\"_blank\" rel=\"noreferrer noopener\"><strong>Res\u00famenes<\/strong><\/a><\/div>\n<\/div>\n\n\n\n<p>Debido a las dificultades causadas por la pandemia, la Red Iberoamericana de Terminolog\u00eda celebrar\u00e1 en forma virtual el XVII Simposio Iberoamericano de Terminolog\u00eda del 26 al 29 de octubre de 2021. El tema central del evento ser\u00e1 \u201cInclusi\u00f3n y terminolog\u00eda en la sociedad actual\u201d, y se acoger\u00e1n trabajos en las \u00e1reas representadas por los siguientes ejes tem\u00e1ticos en los que se ha estructurado el Simposio:&nbsp;<\/p>\n\n\n\n<ul class=\"wp-block-list\"><li>Terminolog\u00eda y lenguas minoritarias<\/li><li>Terminolog\u00eda y discapacidad sensorial<\/li><li>Terminolog\u00eda e integraci\u00f3n de grupos interdisciplinarios<\/li><li>Terminolog\u00eda pedag\u00f3gica o educativa<\/li><li>Iniciativas para el control de vocabularios en las ciencias y t\u00e9cnicas<\/li><li>Nuevas tecnolog\u00edas en termin\u00f3tica<\/li><li>Terminolog\u00eda y traducci\u00f3n e interpretaci\u00f3n especializadas<\/li><li>Teor\u00eda terminol\u00f3gica<\/li><li>Recursos terminogr\u00e1ficos<\/li><li>Avances en la pr\u00e1ctica terminogr\u00e1fica<\/li><li>Terminolog\u00eda y normalizaci\u00f3n<\/li><li>Neolog\u00eda terminol\u00f3gica<\/li><\/ul>\n\n\n\n<h3 class=\"wp-block-heading\">Objetivos<\/h3>\n\n\n\n<p>\u25cf Profundizar en los avances de la terminolog\u00eda en relaci\u00f3n con las ciencias cognitivas, las ciencias de la comunicaci\u00f3n y las ciencias del lenguaje.<\/p>\n\n\n\n<p>\u25cf Propiciar espacios para compartir experiencias acad\u00e9micas, profesionales e investigativas de la terminolog\u00eda en relaci\u00f3n con la inclusi\u00f3n de lenguas minoritarias y otras expresiones comunicativas.<\/p>\n\n\n\n<p>\u25cf Reflexionar sobre las aplicaciones e implicaciones de la terminolog\u00eda en relaci\u00f3n con la integraci\u00f3n de grupos interdisciplinarios que trabajan con lenguas minoritarias, discapacidad sensorial y nuevas tendencias en los discursos especializados.<\/p>\n\n\n\n<h3 class=\"wp-block-heading\">Comit\u00e9 Organizador<\/h3>\n\n\n\n<p class=\"has-text-align-center\"><strong>Presidente <\/strong><\/p>\n\n\n\n<p class=\"has-text-align-center\">Gerardo Sierra, II-UNAM<\/p>\n\n\n\n<p class=\"has-text-align-center\"><strong>Log\u00edstica<\/strong><\/p>\n\n\n\n<p class=\"has-text-align-center\">Ioana Cornea, ENALLT-UNAM<\/p>\n\n\n\n<p class=\"has-text-align-center\">Gerardo Sierra, II-UNAM<\/p>\n\n\n\n<p class=\"has-text-align-center\"><strong>Tesorer\u00eda<\/strong><\/p>\n\n\n\n<p class=\"has-text-align-center\">Claudio Molina Salinas, IIE-UNAM<\/p>\n\n\n\n<p class=\"has-text-align-center\">Leticia Leduc, AMEC\/ Fundaci\u00f3n Italia Morayta, A.C.<\/p>\n\n\n\n<p class=\"has-text-align-center\"><strong>Academia<\/strong><\/p>\n\n\n\n<p class=\"has-text-align-center\">Mar\u00eda Pozzi, CELL-COLMEX<\/p>\n\n\n\n<p class=\"has-text-align-center\">Jorge L\u00e1zaro, FI-UABC<\/p>\n\n\n\n<p class=\"has-text-align-center\"><strong>Difusi\u00f3n<\/strong><\/p>\n\n\n\n<p class=\"has-text-align-center\">Niktelol Palacios, CELL-COLMEX<\/p>\n\n\n\n<p class=\"has-text-align-center\">Ioana Cornea, ENALLT-UNAM<\/p>\n\n\n\n<p class=\"has-text-align-center\">Jorge L\u00e1zaro, FI-UABC<\/p>\n","protected":false},"excerpt":{"rendered":"<p>XVII SIMPOSIO IBEROAMERICANO DE TERMINOLOG\u00cdA (RITerm 2020-2021) Inclusi\u00f3n y terminolog\u00eda en la sociedad actual 26 al 29 de octubre de 2021, Ciudad de M\u00e9xico Debido a las dificultades causadas por la pandemia, la Red Iberoamericana de Terminolog\u00eda celebrar\u00e1 en forma virtual el XVII Simposio Iberoamericano de Terminolog\u00eda del 26 al 29 de octubre de 2021. [&hellip;]<\/p>\n","protected":false},"author":1,"featured_media":0,"parent":0,"menu_order":0,"comment_status":"closed","ping_status":"closed","template":"","meta":{"footnotes":""},"class_list":["post-177","page","type-page","status-publish","hentry"],"_links":{"self":[{"href":"https:\/\/riterm.org\/index.php\/wp-json\/wp\/v2\/pages\/177","targetHints":{"allow":["GET"]}}],"collection":[{"href":"https:\/\/riterm.org\/index.php\/wp-json\/wp\/v2\/pages"}],"about":[{"href":"https:\/\/riterm.org\/index.php\/wp-json\/wp\/v2\/types\/page"}],"author":[{"embeddable":true,"href":"https:\/\/riterm.org\/index.php\/wp-json\/wp\/v2\/users\/1"}],"replies":[{"embeddable":true,"href":"https:\/\/riterm.org\/index.php\/wp-json\/wp\/v2\/comments?post=177"}],"version-history":[{"count":63,"href":"https:\/\/riterm.org\/index.php\/wp-json\/wp\/v2\/pages\/177\/revisions"}],"predecessor-version":[{"id":459,"href":"https:\/\/riterm.org\/index.php\/wp-json\/wp\/v2\/pages\/177\/revisions\/459"}],"wp:attachment":[{"href":"https:\/\/riterm.org\/index.php\/wp-json\/wp\/v2\/media?parent=177"}],"curies":[{"name":"wp","href":"https:\/\/api.w.org\/{rel}","templated":true}]}}