{"id":170,"date":"2020-11-19T19:16:20","date_gmt":"2020-11-19T19:16:20","guid":{"rendered":"https:\/\/riterm.org\/index\/?page_id=170"},"modified":"2021-09-23T17:40:43","modified_gmt":"2021-09-23T17:40:43","slug":"debate-terminologico-2","status":"publish","type":"page","link":"https:\/\/riterm.org\/index.php\/debate-terminologico-2\/","title":{"rendered":"Debate terminol\u00f3gico"},"content":{"rendered":"\n<div class=\"wp-block-cover has-background-dim\" style=\"background-image:url(https:\/\/riterm.org\/wp-content\/uploads\/2021\/09\/espanol-8.jpg)\"><div class=\"wp-block-cover__inner-container is-layout-flow wp-block-cover-is-layout-flow\">\n<p class=\"has-text-align-center\" style=\"font-size:50px\">Debate Terminol\u00f3gico<\/p>\n<\/div><\/div>\n\n\n\n<hr class=\"wp-block-separator is-style-wide\"\/>\n\n\n\n<p id=\"h.p_BIl8ZHuGAzgG\">La revista&nbsp;<em>Debate Terminol\u00f3gico<\/em>&nbsp;es, en realidad, un canal para la difusi\u00f3n y la discusi\u00f3n de ideas relacionadas con la terminolog\u00eda entre los miembros de la RITerm. Publicada dos veces al a\u00f1o, la revista se dedica a difundir investigaciones, reflexiones te\u00f3ricas, traducciones, conferencias y comentarios, para que represente un centro de la discusi\u00f3n de varias cuestiones terminol\u00f3gicas. La Revista Debate Terminol\u00f3gico publica art\u00edculos de varios autores latinoamericanos dedicados a la investigaci\u00f3n y al estudio de \u00e1reas relacionadas con la terminolog\u00eda y el conocimiento.<\/p>\n\n\n\n<p id=\"h.p_Jvtq9pSlA1P5\">Con la reestructuraci\u00f3n de RITerm, el nuevo sitio de la Revista Debate Terminol\u00f3gico es:&nbsp;<a href=\"http:\/\/www.google.com\/url?q=http%3A%2F%2Fseer.ufrgs.br%2Friterm&amp;sa=D&amp;sntz=1&amp;usg=AFQjCNHhYzxcPiaJyt3plMBecE2LSFTAgw\" target=\"_blank\" rel=\"noreferrer noopener\"><strong>http:\/\/seer.ufrgs.br\/riterm<\/strong><\/a>. All\u00ed se puede acceder tanto al n\u00famero actual como a los n\u00fameros anteriores, y a toda informaci\u00f3n adicional de importancia, tal como las llamadas para publicar art\u00edculos y las normas para su presentaci\u00f3n.<\/p>\n\n\n\n<p id=\"h.p_ObN_VbquA1P6\">Correo electr\u00f3nico: debateterminologico@gmail.com<\/p>\n","protected":false},"excerpt":{"rendered":"<p>La revista&nbsp;Debate Terminol\u00f3gico&nbsp;es, en realidad, un canal para la difusi\u00f3n y la discusi\u00f3n de ideas relacionadas con la terminolog\u00eda entre los miembros de la RITerm. Publicada dos veces al a\u00f1o, la revista se dedica a difundir investigaciones, reflexiones te\u00f3ricas, traducciones, conferencias y comentarios, para que represente un centro de la discusi\u00f3n de varias cuestiones terminol\u00f3gicas. [&hellip;]<\/p>\n","protected":false},"author":1,"featured_media":0,"parent":0,"menu_order":0,"comment_status":"closed","ping_status":"closed","template":"","meta":{"footnotes":""},"class_list":["post-170","page","type-page","status-publish","hentry"],"_links":{"self":[{"href":"https:\/\/riterm.org\/index.php\/wp-json\/wp\/v2\/pages\/170","targetHints":{"allow":["GET"]}}],"collection":[{"href":"https:\/\/riterm.org\/index.php\/wp-json\/wp\/v2\/pages"}],"about":[{"href":"https:\/\/riterm.org\/index.php\/wp-json\/wp\/v2\/types\/page"}],"author":[{"embeddable":true,"href":"https:\/\/riterm.org\/index.php\/wp-json\/wp\/v2\/users\/1"}],"replies":[{"embeddable":true,"href":"https:\/\/riterm.org\/index.php\/wp-json\/wp\/v2\/comments?post=170"}],"version-history":[{"count":3,"href":"https:\/\/riterm.org\/index.php\/wp-json\/wp\/v2\/pages\/170\/revisions"}],"predecessor-version":[{"id":326,"href":"https:\/\/riterm.org\/index.php\/wp-json\/wp\/v2\/pages\/170\/revisions\/326"}],"wp:attachment":[{"href":"https:\/\/riterm.org\/index.php\/wp-json\/wp\/v2\/media?parent=170"}],"curies":[{"name":"wp","href":"https:\/\/api.w.org\/{rel}","templated":true}]}}