{"id":164,"date":"2020-11-19T19:10:10","date_gmt":"2020-11-19T19:10:10","guid":{"rendered":"https:\/\/riterm.org\/index\/?page_id=164"},"modified":"2024-03-11T01:51:11","modified_gmt":"2024-03-11T01:51:11","slug":"anteriores-3","status":"publish","type":"page","link":"https:\/\/riterm.org\/index.php\/anteriores-3\/","title":{"rendered":"Anteriores"},"content":{"rendered":"\n<div class=\"wp-block-cover is-light is-position-center-center\" style=\"min-height:303px;aspect-ratio:unset;\"><span aria-hidden=\"true\" class=\"wp-block-cover__background has-background-dim\"><\/span><img loading=\"lazy\" decoding=\"async\" width=\"960\" height=\"640\" class=\"wp-block-cover__image-background wp-image-262\" src=\"https:\/\/riterm.org\/wp-content\/uploads\/2020\/11\/espanol.jpg\" data-object-fit=\"cover\" srcset=\"https:\/\/riterm.org\/wp-content\/uploads\/2020\/11\/espanol.jpg 960w, https:\/\/riterm.org\/wp-content\/uploads\/2020\/11\/espanol-300x200.jpg 300w, https:\/\/riterm.org\/wp-content\/uploads\/2020\/11\/espanol-768x512.jpg 768w\" sizes=\"auto, (max-width: 960px) 100vw, 960px\" \/><div class=\"wp-block-cover__inner-container is-layout-flow wp-block-cover-is-layout-flow\">\n<p class=\"has-text-align-center\" style=\"font-size:50px\">Anteriores<\/p>\n<\/div><\/div>\n\n\n\n<hr class=\"wp-block-separator has-css-opacity is-style-wide\"\/>\n\n\n\n<h3 class=\"wp-block-heading\" id=\"h.p_jEn4djl8h37D\">De 1988 a 1990<\/h3>\n\n\n\n<p id=\"h.p_dw0mbUEeh61O\"><strong>Miembros:<\/strong><\/p>\n\n\n\n<p id=\"h.p_gEzLAePBh8uT\">Alicia Fedor de Diego \u2013 Universidad Sim\u00f3n Bol\u00edvar de Caracas, Venezuela<\/p>\n\n\n\n<p id=\"h.p_Lg9nLKkph8uV\">Michele Boroni de S\u00e1nchez-Vegas \u2013 Universidad Sim\u00f3n Bol\u00edvar de Caracas, Venezuela<\/p>\n\n\n\n<h3 class=\"wp-block-heading\" id=\"h.p_6_2nHkUZiDPc\"><a href=\"https:\/\/sites.google.com\/view\/riterm\/es\/comite\/anteriores?authuser=0#h.p_6_2nHkUZiDPc\"><\/a>De 1994 a 1996<\/h3>\n\n\n\n<p id=\"h.p_z0H2NFCxiguN\"><strong>Miembros:<\/strong><\/p>\n\n\n\n<p id=\"h.p_VXap-cCeiiLW\">Maria Teresa Cabr\u00e9 \u2013 Universidad Pompeu Fabra, Grupo IULATERM, Espa\u00f1a<\/p>\n\n\n\n<p id=\"h.p_eSgPDna7iiLX\">Jos\u00e9 Sindland d\u2019Espouy \u2013 Argentina<\/p>\n\n\n\n<p id=\"h.p_QLoblVJIiiLX\">Daniel Prado \u2013 Uni\u00f3n Latina, Francia<\/p>\n\n\n\n<p id=\"h.p_E2hrHSkOiiLY\">Rodolfo Alp\u00edzar \u2013 Uni\u00f3n Latina, Cuba<\/p>\n\n\n\n<p id=\"h.p_y9buDyVAiiLZ\">Enilde Faulstich \u2013 Universidad de Bras\u00edlia (UnB), Centro LexTerm, Brasil<\/p>\n\n\n\n<h3 class=\"wp-block-heading\" id=\"h.p_Gm0W-rjjinNq\"><a href=\"https:\/\/sites.google.com\/view\/riterm\/es\/comite\/anteriores?authuser=0#h.p_Gm0W-rjjinNq\"><\/a>De 1996 a 1998<\/h3>\n\n\n\n<p id=\"h.p_vQ6DMhCjipTV\"><strong>Presidente:<\/strong><\/p>\n\n\n\n<p id=\"h.p_ZFJfwtEEiq81\">Maria Teresa Cabr\u00e9 \u2013 Universidad Pompeu Fabra, Grupo IULATERM, Espa\u00f1a<\/p>\n\n\n\n<p id=\"h.p__rQxeE1wiq84\"><strong>Vicepresidentes:<\/strong><\/p>\n\n\n\n<p id=\"h.p_kxvCVNMyiq84\">Rodolfo Alp\u00edzar \u2013 Uni\u00f3n Latina, Cuba<\/p>\n\n\n\n<p id=\"h.p_y66iIw91iq86\">Enilde Faulstich \u2013 Universidad de Bras\u00edlia (UnB), Centro LexTerm, Brasil<\/p>\n\n\n\n<p id=\"h.p_uODLQh7Yiq87\"><strong>Tesorer\u00eda:<\/strong><\/p>\n\n\n\n<p id=\"h.p_KXgXduxjiq87\">Leticia Leduc \u2013 Organizaci\u00f3n Mexicana de Traductores, M\u00e9xico<\/p>\n\n\n\n<p id=\"h.p_kUI-wcwdiq89\"><strong>Secretar\u00eda:<\/strong><\/p>\n\n\n\n<p id=\"h.p_fVEqbFL9iq8-\">Daniel Prado \u2013 Uni\u00f3n Latina, Francia<\/p>\n\n\n\n<h3 class=\"wp-block-heading\" id=\"h.p_5dbn0G_wiyps\"><a href=\"https:\/\/sites.google.com\/view\/riterm\/es\/comite\/anteriores?authuser=0#h.p_5dbn0G_wiyps\"><\/a>De 1998 a 2000<\/h3>\n\n\n\n<p id=\"h.p_JY9D9SL9i0W2\"><strong>Presidente:<\/strong><\/p>\n\n\n\n<p id=\"h.p_neA0yDqci11J\">Maria Teresa Cabr\u00e9 \u2013 Universidad Pompeu Fabra, Grupo IULATERM, Espa\u00f1a<\/p>\n\n\n\n<p id=\"h.p__81SIea7i11K\"><strong>Vicepresidentes:<\/strong><\/p>\n\n\n\n<p id=\"h.p_38_vD-0ni11L\">Berta Nelly de Cardona \u2013 Colombia<\/p>\n\n\n\n<p id=\"h.p_4_Zrdr_3i11M\">Rodolfo Alp\u00edzar \u2013 Uni\u00f3n Latina, Cuba<\/p>\n\n\n\n<p id=\"h.p_nvG59tr2i11M\"><strong>Tesorer\u00eda:<\/strong><\/p>\n\n\n\n<p id=\"h.p_CAm1A6a1i11N\">Ieda Maria Alves \u2013 Universidad de S\u00e3o Paulo (USP), Grupo TermNeo, Brasil<\/p>\n\n\n\n<p id=\"h.p_cKdr0Ac7i11O\"><strong>Secretar\u00eda:<\/strong><\/p>\n\n\n\n<p id=\"h.p_f7THOr_Bi11O\">Daniel Prado \u2013 Uni\u00f3n Latina, Francia<\/p>\n\n\n\n<h3 class=\"wp-block-heading\" id=\"h.p_P0376Dc8i9fs\"><a href=\"https:\/\/sites.google.com\/view\/riterm\/es\/comite\/anteriores?authuser=0#h.p_P0376Dc8i9fs\"><\/a>De 2000 a 2002<\/h3>\n\n\n\n<p id=\"h.p_VMPLAgEIi_T5\"><strong>Presidente:<\/strong><\/p>\n\n\n\n<p id=\"h.p_iX8o250NjA53\">Ieda Maria Alves \u2013 Universidad de S\u00e3o Paulo (USP), Grupo TermNeo, Brasil<\/p>\n\n\n\n<p id=\"h.p_dQdF92JLjA54\"><strong>Vicepresidentes:<\/strong><\/p>\n\n\n\n<p id=\"h.p_GU6yfZQIjA55\">Berta Nelly de Cardona \u2013 Colombia<\/p>\n\n\n\n<p id=\"h.p_nRGzbPMtjA56\">Ana Mar\u00eda Cardero Garc\u00eda \u2013 Universidad Nacional Autonoma do M\u00e9xico, M\u00e9xico<\/p>\n\n\n\n<p id=\"h.p_2atLQlkPjA56\"><strong>Tesorer\u00eda:<\/strong><\/p>\n\n\n\n<p id=\"h.p_UlVs_xeijA57\">Carles Teb\u00e9 \u2013 Universidad Pompeu Fabra, Espa\u00f1a<\/p>\n\n\n\n<p id=\"h.p_C8gK9f5VjA57\"><strong>Secretar\u00eda:<\/strong><\/p>\n\n\n\n<p id=\"h.p_KwrodsM9jA57\">Daniel Prado \u2013 Uni\u00f3n Latina, Francia<\/p>\n\n\n\n<h3 class=\"wp-block-heading\" id=\"h.p_JybY7wl1jHlM\"><a href=\"https:\/\/sites.google.com\/view\/riterm\/es\/comite\/anteriores?authuser=0#h.p_JybY7wl1jHlM\"><\/a>De 2002 a 2004<\/h3>\n\n\n\n<p id=\"h.p_HtYUFh30jJRm\"><strong>Presidente:<\/strong><\/p>\n\n\n\n<p id=\"h.p_uO0QMFwljK1c\">Ana Mar\u00eda Cardero Garc\u00eda \u2013 Universidade Nacional Autonoma do M\u00e9xico, M\u00e9xico<\/p>\n\n\n\n<p id=\"h.p_uag_A_95jK1c\"><strong>Vicepresidentes:<\/strong><\/p>\n\n\n\n<p id=\"h.p_fx67WTSjjK1d\">Maria da Gra\u00e7a Krieger \u2013 Universidad Federal do Rio Grande do Sul (UFRGS), Grupo Termisul, Brasil<\/p>\n\n\n\n<p id=\"h.p_x7Q3uR5AjK1d\">Mary Fuentes \u2013 Universidad de Concepci\u00f3n, Chile<\/p>\n\n\n\n<p id=\"h.p_5-9c-pspjK1d\"><strong>Tesorer\u00eda:<\/strong><\/p>\n\n\n\n<p id=\"h.p_VweQLjwujK1e\">Carles Teb\u00e9 \u2013 Universidad Pompeu Fabra, Espa\u00f1a<\/p>\n\n\n\n<p id=\"h.p_rS-FAiqfjK1e\"><strong>Secretar\u00eda:<\/strong><\/p>\n\n\n\n<p id=\"h.p_oqc3i81DjK1f\">Daniel Prado \u2013 Uni\u00f3n Latina, Francia<\/p>\n\n\n\n<h3 class=\"wp-block-heading\" id=\"h.p_fBA4FC4QjRaS\"><a href=\"https:\/\/sites.google.com\/view\/riterm\/es\/comite\/anteriores?authuser=0#h.p_fBA4FC4QjRaS\"><\/a>De 2004 a 2006<\/h3>\n\n\n\n<p id=\"h.p_m0JwjEIsjTB9\"><strong>Presidente:<\/strong><\/p>\n\n\n\n<p id=\"h.p_s2I4Pv_1jUTw\">Maria da Gra\u00e7a Krieger \u2013 Universidad Federal do Rio Grande do Sul (UFRGS), Grupo Termisul, Brasil<\/p>\n\n\n\n<p id=\"h.p_r8OhZ3tijUTx\"><strong>Vicepresidentes:<\/strong><\/p>\n\n\n\n<p id=\"h.p_E4tWmvWijUTx\">Margarita Correia \u2013 Instituto de Ling\u00fc\u00edstica Teorica e Computacional (ILTEC), Portugal<\/p>\n\n\n\n<p id=\"h.p_846ohARKjUTx\">Mary Fuentes \u2013 Universidad de Concepci\u00f3n, Chile<\/p>\n\n\n\n<p id=\"h.p_9eo8-gp2jUTy\"><strong>Tesorer\u00eda:<\/strong><\/p>\n\n\n\n<p id=\"h.p_xT0LSx_TjUTy\">Rosa Estop\u00e0 \u2013 Universidad Pompeu Fabra, Grupo IULATERM, Espa\u00f1a<\/p>\n\n\n\n<p id=\"h.p_okRCV83WjUTz\"><strong>Secretar\u00eda:<\/strong><\/p>\n\n\n\n<p id=\"h.p_-HYeu1kVjUTz\">Daniel Prado \u2013 Uni\u00f3n Latina, Francia<\/p>\n\n\n\n<h3 class=\"wp-block-heading\" id=\"h.p_GLTZb_06jdkW\"><a href=\"https:\/\/sites.google.com\/view\/riterm\/es\/comite\/anteriores?authuser=0#h.p_GLTZb_06jdkW\"><\/a>De 2006 a 2008<\/h3>\n\n\n\n<p id=\"h.p_r2DA7B4DjfUt\"><strong>Presidente:<\/strong><\/p>\n\n\n\n<p id=\"h.p_0eLH0A3Kjfsy\">Margarita Correia \u2013 Instituto de Ling\u00fc\u00edstica Teorica e Computacional (ILTEC), Portugal<\/p>\n\n\n\n<p id=\"h.p_sd_KFEATjfs0\"><strong>Vicepresidente:<\/strong><\/p>\n\n\n\n<p id=\"h.p_TGDkZViejfs0\">Luc\u00eda Fabbri \u2013 Red Uruterm, Uruguay<\/p>\n\n\n\n<p id=\"h.p_COUmn3OKjfs1\"><strong>Tesorer\u00eda:<\/strong><\/p>\n\n\n\n<p id=\"h.p_oC5aBfo4jfs2\">Cleci Regina Bevilacqua \u2013 Universidad Federal do Rio Grande do Sul (UFRGS), Grupo Termisul, Brasil<\/p>\n\n\n\n<p id=\"h.p_r7EQSj0kjfs2\"><strong>Secretar\u00eda:<\/strong><\/p>\n\n\n\n<p id=\"h.p_lYhKmDq3jfs3\">Daniel Prado \u2013 Uni\u00f3n Latina, Francia<\/p>\n\n\n\n<p id=\"h.p_bW5pWuZ7jfs3\"><strong>Revista Debate Terminol\u00f3gico:<\/strong><\/p>\n\n\n\n<p id=\"h.p_vjPQpokMjfs3\">Rosa Estop\u00e0 \u2013 Universidad Pompeu Fabra, Grupo IULATERM, Espanha<\/p>\n\n\n\n<h3 class=\"wp-block-heading\" id=\"h.p_9lzCFzjzjn-8\"><a href=\"https:\/\/sites.google.com\/view\/riterm\/es\/comite\/anteriores?authuser=0#h.p_9lzCFzjzjn-8\"><\/a>De 2008 2010<\/h3>\n\n\n\n<p id=\"h.p_-YbP2tvgjpx9\"><strong>Presidente:<\/strong><\/p>\n\n\n\n<p id=\"h.p_jqpPgKt2jqBq\">Luc\u00eda Fabbri \u2013 Red Uruterm, Uruguay<\/p>\n\n\n\n<p id=\"h.p_0fBCZAs_jqBv\"><strong>Vice-Presidente:<\/strong><\/p>\n\n\n\n<p id=\"h.p_BshhS9wnjqBw\">Margarita Correia \u2013 Instituto de Ling\u00fc\u00edstica Teorica e Computacional (ILTEC), Portugal<\/p>\n\n\n\n<p id=\"h.p_SLXV3BGQjqBw\"><strong>Secretar\u00eda:<\/strong><\/p>\n\n\n\n<p id=\"h.p_INOYSStSjqBx\">Cleci Regina Bevilacqua \u2013 Universidad Federal do Rio Grande do Sul (UFRGS), Grupo Termisul, Brasil<\/p>\n\n\n\n<p id=\"h.p_c7LpgPeTjqBz\"><strong>Revista Debate Terminol\u00f3gico:<\/strong><\/p>\n\n\n\n<p id=\"h.p_Vf4xrntwjqBz\">Rosa Estop\u00e0 \u2013 Universidad Pompeu Fabra, Grupo IULATERM, Espanha<\/p>\n\n\n\n<p id=\"h.p_ul2OZQlAjqB0\"><strong>Representante del XII Simp\u00f3sio:<\/strong><\/p>\n\n\n\n<p id=\"h.p_lCa63mxUjqB0\">Estela Lalanne de Servente \u2013 Colegio de Traductores P\u00fablicos de la Ciudad de Buenos Aires, Argentina<\/p>\n\n\n\n<h3 class=\"wp-block-heading\">De 2018 a 2020<\/h3>\n\n\n\n<p id=\"h.p_eJTaaLMShVXk\"><strong>Presidente:<\/strong><\/p>\n\n\n\n<p id=\"h.p_BfukiFzshV0A\">Carles Teb\u00e9 \u2013 Pontificia Universidad Cat\u00f3lica de Chile, Chile<\/p>\n\n\n\n<p id=\"h.p_qHgpNWLMhV0C\"><strong>Vicepresidenta:<\/strong><\/p>\n\n\n\n<p id=\"h.p_rVB_Vu8PhV0D\">Rosa Luna Garc\u00eda \u2013 UNIFE, Universidad Ricardo Palma y PER\u00daterm, Per\u00fa<\/p>\n\n\n\n<p id=\"h.p_yHSWgfC6hV0G\"><strong>Secretar\u00eda:<\/strong><\/p>\n\n\n\n<p id=\"h.p_mU4_LyTchV0H\">Marisela Colin Rodea \u2013 Universidad Nacional Aut\u00f3noma de M\u00e9xico, M\u00e9xico<\/p>\n\n\n\n<p id=\"h.p_rn5_Iwf9hV0I\"><strong>Comunicaci\u00f3n:<\/strong><\/p>\n\n\n\n<p id=\"h.p_rG_DUJgyhV0J\">Leandro Henrique Mendonca de Oliveira \u2013 Empresa Brasileira de Pesquisa Agropecu\u00e1ria \u2013 EMBRAPA, Brasil<\/p>\n\n\n\n<p id=\"h.p_AOMyhq41hV0J\"><strong>Revista Debate Terminol\u00f3gico:<\/strong><\/p>\n\n\n\n<p id=\"h.p_FW6H0rGghV0K\">M.Amor Montan\u00e9 March \u2013 Universitat Pompeu Fabra, Grupo IULATERM, Espa\u00f1a<\/p>\n\n\n\n<p id=\"h.p_GsccPpkXhV0K\"><strong>Representante del XVI Simposio:<\/strong><\/p>\n\n\n\n<p id=\"h.p_7DgVLIE1hV0L\">Ieda Maria Alves \u2013 Universidad de S\u00e3o Paulo, USP, Faculdade de Filosofia, Letras, Ci\u00eancias Humanas, Brasil<\/p>\n\n\n\n<h3 class=\"wp-block-heading\">De 2020 a 2021<\/h3>\n\n\n\n<p id=\"h.p_eJTaaLMShVXk\"><strong>Presidenta:<\/strong><\/p>\n\n\n\n<p id=\"h.p_BfukiFzshV0A\">Marisela Colin Rodea \u2013 Universidad Nacional Aut\u00f3noma de M\u00e9xico, M\u00e9xico<\/p>\n\n\n\n<p id=\"h.p_qHgpNWLMhV0C\"><strong>Vicepresidenta:<\/strong><\/p>\n\n\n\n<p id=\"h.p_rVB_Vu8PhV0D\">Mary Ann Monteagudo Medina, UPCA, Per\u00fa<\/p>\n\n\n\n<p id=\"h.p_yHSWgfC6hV0G\"><strong>Secretar\u00eda:<\/strong><\/p>\n\n\n\n<p id=\"h.p_mU4_LyTchV0H\">John Jairo Giraldo Ortiz, UdeA, Colombia<\/p>\n\n\n\n<p id=\"h.p_rn5_Iwf9hV0I\"><strong>Comunicaci\u00f3n:<\/strong><\/p>\n\n\n\n<p id=\"h.p_rG_DUJgyhV0J\">Alexandra F. M\u00fcller, UFRGS, Brasil<\/p>\n\n\n\n<p id=\"h.p_AOMyhq41hV0J\"><strong>Revista Debate Terminol\u00f3gico:<\/strong><\/p>\n\n\n\n<p id=\"h.p_FW6H0rGghV0K\">Cristiane Krause Kilian, ISAI, Brasil<\/p>\n\n\n\n<p id=\"h.p_GsccPpkXhV0K\"><strong>Representante del XVII Simposio:<\/strong><\/p>\n\n\n\n<p id=\"h.p_7DgVLIE1hV0L\">Gerardo E. Sierra Mart\u00ednez, UNAM, M\u00e9xico<\/p>\n\n\n\n<h3 class=\"wp-block-heading\">De 2021 a 2023<\/h3>\n\n\n\n<p id=\"h.p_eJTaaLMShVXk\"><strong>Presidenta:<\/strong><\/p>\n\n\n\n<p id=\"h.p_BfukiFzshV0A\">Mary Ann Monteagudo Medina, Universidad Peruana de Ciencias Aplicadas, Per\u00fa<\/p>\n\n\n\n<p id=\"h.p_qHgpNWLMhV0C\"><strong>Vicepresidente:<\/strong><\/p>\n\n\n\n<p id=\"h.p_mU4_LyTchV0H\">John Jairo Giraldo Ortiz, Universidad de Antioquia, Colombia<\/p>\n\n\n\n<p id=\"h.p_yHSWgfC6hV0G\"><strong>Secretar\u00eda:<\/strong><\/p>\n\n\n\n<p id=\"h.p_rVB_Vu8PhV0D\">Ioana Cornea, ENALT-Universidad Aut\u00f3noma de M\u00e9xico, M\u00e9xico<\/p>\n\n\n\n<p id=\"h.p_rn5_Iwf9hV0I\"><strong>Comunicaciones<\/strong>:<\/p>\n\n\n\n<p id=\"h.p_rG_DUJgyhV0J\">Jorge M. Porras-Garz\u00f3n, IULA-Universitat Pompeu Fabra, Espa\u00f1a<\/p>\n\n\n\n<p id=\"h.p_AOMyhq41hV0J\"><strong>Revista Debate Terminol\u00f3gico:<\/strong><\/p>\n\n\n\n<p id=\"h.p_FW6H0rGghV0K\">Jorge L\u00e1zaro, Universidad Aut\u00f3noma de Baja California, M\u00e9xico<\/p>\n\n\n\n<p id=\"h.p_GsccPpkXhV0K\"><strong>Representante del XVIII Simposio:<\/strong><\/p>\n\n\n\n<p id=\"h.p_7DgVLIE1hV0L\">M\u00e1rcio Sales Santiago,  Universidad Federal de R\u00edo Grande del Norte, Brasil<\/p>\n","protected":false},"excerpt":{"rendered":"<p>De 1988 a 1990 Miembros: Alicia Fedor de Diego \u2013 Universidad Sim\u00f3n Bol\u00edvar de Caracas, Venezuela Michele Boroni de S\u00e1nchez-Vegas \u2013 Universidad Sim\u00f3n Bol\u00edvar de Caracas, Venezuela De 1994 a 1996 Miembros: Maria Teresa Cabr\u00e9 \u2013 Universidad Pompeu Fabra, Grupo IULATERM, Espa\u00f1a Jos\u00e9 Sindland d\u2019Espouy \u2013 Argentina Daniel Prado \u2013 Uni\u00f3n Latina, Francia Rodolfo Alp\u00edzar [&hellip;]<\/p>\n","protected":false},"author":1,"featured_media":0,"parent":0,"menu_order":0,"comment_status":"closed","ping_status":"closed","template":"","meta":{"footnotes":""},"class_list":["post-164","page","type-page","status-publish","hentry"],"_links":{"self":[{"href":"https:\/\/riterm.org\/index.php\/wp-json\/wp\/v2\/pages\/164","targetHints":{"allow":["GET"]}}],"collection":[{"href":"https:\/\/riterm.org\/index.php\/wp-json\/wp\/v2\/pages"}],"about":[{"href":"https:\/\/riterm.org\/index.php\/wp-json\/wp\/v2\/types\/page"}],"author":[{"embeddable":true,"href":"https:\/\/riterm.org\/index.php\/wp-json\/wp\/v2\/users\/1"}],"replies":[{"embeddable":true,"href":"https:\/\/riterm.org\/index.php\/wp-json\/wp\/v2\/comments?post=164"}],"version-history":[{"count":6,"href":"https:\/\/riterm.org\/index.php\/wp-json\/wp\/v2\/pages\/164\/revisions"}],"predecessor-version":[{"id":958,"href":"https:\/\/riterm.org\/index.php\/wp-json\/wp\/v2\/pages\/164\/revisions\/958"}],"wp:attachment":[{"href":"https:\/\/riterm.org\/index.php\/wp-json\/wp\/v2\/media?parent=164"}],"curies":[{"name":"wp","href":"https:\/\/api.w.org\/{rel}","templated":true}]}}