{"id":149,"date":"2020-11-19T18:53:42","date_gmt":"2020-11-19T18:53:42","guid":{"rendered":"https:\/\/riterm.org\/index\/?page_id=149"},"modified":"2024-07-25T10:28:12","modified_gmt":"2024-07-25T15:28:12","slug":"miembros","status":"publish","type":"page","link":"https:\/\/riterm.org\/index.php\/miembros\/","title":{"rendered":"Miembros"},"content":{"rendered":"\n<hr class=\"wp-block-separator has-css-opacity is-style-wide\"\/>\n\n\n\n<h1 class=\"wp-block-heading\">Miembros<\/h1>\n\n\n\n<h3 class=\"wp-block-heading\" id=\"h.p_gkzBMyLASH9c\"><a href=\"https:\/\/riterm.org\/index.php\/individuales\/\" data-type=\"URL\" data-id=\"https:\/\/riterm.org\/index.php\/individuales\/\">Listado de miembros individuales<\/a><\/h3>\n\n\n\n<h3 class=\"wp-block-heading\" id=\"h.p_Tk6ZcGFvSM2-\"><a href=\"https:\/\/riterm.org\/index.php\/institucionales\/\" data-type=\"URL\" data-id=\"https:\/\/riterm.org\/index.php\/institucionales\/\">Listado de miembros institucionales<\/a><\/h3>\n\n\n\n<h3 class=\"wp-block-heading\" id=\"h.p_JYVGnElmSV2w\"><a href=\"https:\/\/sites.google.com\/view\/riterm\/es\/miembros?authuser=0#h.p_JYVGnElmSV2w\"><\/a>Adhesi\u00f3n<\/h3>\n\n\n\n<p id=\"h.p_B88fZHekMC7C\">Podr\u00e1n ser miembros de RITerm profesionales, profesores, investigadores, estudiantes de postgrado o instituciones que trabajan en el \u00e1rea de la terminolog\u00eda y en \u00e1reas relacionadas, como la Traducci\u00f3n, la Documentaci\u00f3n, entre otros.<\/p>\n\n\n\n<p id=\"h.p_B88fZHekMC7C\"><span style=\"font-size: revert; color: initial;\">Para participar o actualizar sus datos, el solicitante deber\u00e1 cumplimentar el formulario de miembro y hacer clic en enviar:<\/span><\/p>\n\n\n\n<ul class=\"wp-block-list\">\n<li><a rel=\"noreferrer noopener\" href=\"https:\/\/docs.google.com\/forms\/d\/e\/1FAIpQLSctgBKRnNKpsN3lWmMU_HV2EFixbQGSkyUdwYxfc_g7xE_sDQ\/viewform\" target=\"_blank\"><strong>individual<\/strong><\/a><\/li>\n\n\n\n<li><a rel=\"noreferrer noopener\" href=\"https:\/\/docs.google.com\/forms\/u\/3\/d\/e\/1FAIpQLSd3SFRaC0d-LWDt90CJQKlvXajpeX4JwMWSlEammDr8I51kfA\/viewform\" target=\"_blank\"><strong>institucional<\/strong><\/a><\/li>\n<\/ul>\n\n\n\n<p id=\"h.p_B88fZHekMC7C\"><span style=\"font-size: revert; color: initial;\">El formulario ser\u00e1 evaluado por el Comit\u00e9 Ejecutivo. Luego, la respuesta ser\u00e1 enviada por correo electr\u00f3nico al solicitante.<\/span><\/p>\n\n\n\n<p id=\"h.p_B88fZHekMC7C\">Con la reestructuraci\u00f3n de RITerm, se decidi\u00f3 en la Asamblea General, celebrada en el XII Simposio Iberoamericano de Terminolog\u00eda, suspender el cobro de cuotas anuales a los socios, ya sean antiguos o nuevos.<\/p>\n","protected":false},"excerpt":{"rendered":"<p>Miembros Listado de miembros individuales Listado de miembros institucionales Adhesi\u00f3n Podr\u00e1n ser miembros de RITerm profesionales, profesores, investigadores, estudiantes de postgrado o instituciones que trabajan en el \u00e1rea de la terminolog\u00eda y en \u00e1reas relacionadas, como la Traducci\u00f3n, la Documentaci\u00f3n, entre otros. Para participar o actualizar sus datos, el solicitante deber\u00e1 cumplimentar el formulario de [&hellip;]<\/p>\n","protected":false},"author":1,"featured_media":0,"parent":0,"menu_order":0,"comment_status":"closed","ping_status":"closed","template":"","meta":{"footnotes":""},"class_list":["post-149","page","type-page","status-publish","hentry"],"_links":{"self":[{"href":"https:\/\/riterm.org\/index.php\/wp-json\/wp\/v2\/pages\/149","targetHints":{"allow":["GET"]}}],"collection":[{"href":"https:\/\/riterm.org\/index.php\/wp-json\/wp\/v2\/pages"}],"about":[{"href":"https:\/\/riterm.org\/index.php\/wp-json\/wp\/v2\/types\/page"}],"author":[{"embeddable":true,"href":"https:\/\/riterm.org\/index.php\/wp-json\/wp\/v2\/users\/1"}],"replies":[{"embeddable":true,"href":"https:\/\/riterm.org\/index.php\/wp-json\/wp\/v2\/comments?post=149"}],"version-history":[{"count":18,"href":"https:\/\/riterm.org\/index.php\/wp-json\/wp\/v2\/pages\/149\/revisions"}],"predecessor-version":[{"id":1275,"href":"https:\/\/riterm.org\/index.php\/wp-json\/wp\/v2\/pages\/149\/revisions\/1275"}],"wp:attachment":[{"href":"https:\/\/riterm.org\/index.php\/wp-json\/wp\/v2\/media?parent=149"}],"curies":[{"name":"wp","href":"https:\/\/api.w.org\/{rel}","templated":true}]}}