{"id":141,"date":"2020-11-19T18:38:14","date_gmt":"2020-11-19T18:38:14","guid":{"rendered":"https:\/\/riterm.org\/index\/?page_id=141"},"modified":"2020-11-30T23:35:59","modified_gmt":"2020-11-30T23:35:59","slug":"quienes-somos","status":"publish","type":"page","link":"https:\/\/riterm.org\/index.php\/quienes-somos\/","title":{"rendered":"\u00bfQui\u00e9nes somos?"},"content":{"rendered":"\n<div class=\"wp-block-cover has-background-dim\" style=\"background-image:url(https:\/\/riterm.org\/wp-content\/uploads\/2020\/11\/espanol.jpg)\"><div class=\"wp-block-cover__inner-container is-layout-flow wp-block-cover-is-layout-flow\">\n<p class=\"has-text-align-center\" style=\"font-size:50px\">\u00bfQui\u00e9nes somos?<\/p>\n<\/div><\/div>\n\n\n\n<hr class=\"wp-block-separator is-style-wide\"\/>\n\n\n\n<p id=\"h.p_HVbP-oDhRE-9\">Creada en 1988, la Red Iberoamericana de Terminolog\u00eda (RITerm) es una red de intercambio y de trabajo en el \u00e1rea de la terminolog\u00eda. RITerm tiene por objetivo establecer un canal de cooperaci\u00f3n entre sus miembros para consolidar las terminolog\u00edas en los pa\u00edses de habla espa\u00f1ola, catal\u00e1n y portuguesa.<\/p>\n\n\n\n<p id=\"h.p_LgCCqinTRFhg\"><strong>RITerm act\u00faa en las siguientes \u00e1reas:<\/strong><\/p>\n\n\n\n<ul class=\"wp-block-list\"><li>Realizaci\u00f3n de un Simposio de Terminolog\u00eda, con una periodicidad de dos a\u00f1os, organizado conjuntamente con la Asamblea General. La informaci\u00f3n sobre los diferentes simposios se encuentra ya en el apartado Simposio del men\u00fa<\/li><li>Publicaci\u00f3n de la Revista Debate Terminol\u00f3gico.<\/li><li>Recopilaci\u00f3n e intercambio de informaci\u00f3n terminol\u00f3gica y factogr\u00e1fica entre los miembros de la red, a fin de fomentar la compatibilidad entre sistemas, formatos, instrumentos metodol\u00f3gicos, etc., en el \u00e1rea de la terminolog\u00eda.<\/li><li>Cooperaci\u00f3n para planificar y desarrollar proyectos relacionados con el \u00e1rea de la terminolog\u00eda o ingenier\u00eda del conocimiento, bancos de datos terminol\u00f3gicos, lexicogr\u00e1ficos, textuales, etc., ling\u00fc\u00edstica computacional, inform\u00e1tica aplicada a la terminolog\u00eda, planificaci\u00f3n terminol\u00f3gica, etc.<\/li><li>Colaboraci\u00f3n en los programas de formaci\u00f3n en terminolog\u00eda de los miembros de la Red, para promover el desarrollo y la difusi\u00f3n de la terminolog\u00eda como disciplina, mediante programas acad\u00e9micos, pasant\u00edas, encuentros, boletines informativos, etc.<\/li><\/ul>\n","protected":false},"excerpt":{"rendered":"<p>Creada en 1988, la Red Iberoamericana de Terminolog\u00eda (RITerm) es una red de intercambio y de trabajo en el \u00e1rea de la terminolog\u00eda. RITerm tiene por objetivo establecer un canal de cooperaci\u00f3n entre sus miembros para consolidar las terminolog\u00edas en los pa\u00edses de habla espa\u00f1ola, catal\u00e1n y portuguesa. RITerm act\u00faa en las siguientes \u00e1reas: Realizaci\u00f3n [&hellip;]<\/p>\n","protected":false},"author":1,"featured_media":0,"parent":0,"menu_order":0,"comment_status":"closed","ping_status":"closed","template":"","meta":{"footnotes":""},"class_list":["post-141","page","type-page","status-publish","hentry"],"_links":{"self":[{"href":"https:\/\/riterm.org\/index.php\/wp-json\/wp\/v2\/pages\/141","targetHints":{"allow":["GET"]}}],"collection":[{"href":"https:\/\/riterm.org\/index.php\/wp-json\/wp\/v2\/pages"}],"about":[{"href":"https:\/\/riterm.org\/index.php\/wp-json\/wp\/v2\/types\/page"}],"author":[{"embeddable":true,"href":"https:\/\/riterm.org\/index.php\/wp-json\/wp\/v2\/users\/1"}],"replies":[{"embeddable":true,"href":"https:\/\/riterm.org\/index.php\/wp-json\/wp\/v2\/comments?post=141"}],"version-history":[{"count":2,"href":"https:\/\/riterm.org\/index.php\/wp-json\/wp\/v2\/pages\/141\/revisions"}],"predecessor-version":[{"id":264,"href":"https:\/\/riterm.org\/index.php\/wp-json\/wp\/v2\/pages\/141\/revisions\/264"}],"wp:attachment":[{"href":"https:\/\/riterm.org\/index.php\/wp-json\/wp\/v2\/media?parent=141"}],"curies":[{"name":"wp","href":"https:\/\/api.w.org\/{rel}","templated":true}]}}