{"id":111,"date":"2020-11-18T22:16:57","date_gmt":"2020-11-18T22:16:57","guid":{"rendered":"https:\/\/riterm.org\/index\/?page_id=111"},"modified":"2024-04-01T13:45:40","modified_gmt":"2024-04-01T13:45:40","slug":"comite","status":"publish","type":"page","link":"https:\/\/riterm.org\/index.php\/comite\/","title":{"rendered":"Comit\u00ea"},"content":{"rendered":"\n<div class=\"wp-block-cover\" style=\"min-height:242px;aspect-ratio:unset;\"><span aria-hidden=\"true\" class=\"wp-block-cover__background has-background-dim\"><\/span><img loading=\"lazy\" decoding=\"async\" width=\"2560\" height=\"1703\" class=\"wp-block-cover__image-background wp-image-259\" alt=\"\" src=\"https:\/\/riterm.org\/wp-content\/uploads\/2020\/11\/portug.jpg\" data-object-fit=\"cover\" srcset=\"https:\/\/riterm.org\/wp-content\/uploads\/2020\/11\/portug.jpg 2560w, https:\/\/riterm.org\/wp-content\/uploads\/2020\/11\/portug-300x200.jpg 300w, https:\/\/riterm.org\/wp-content\/uploads\/2020\/11\/portug-1024x681.jpg 1024w, https:\/\/riterm.org\/wp-content\/uploads\/2020\/11\/portug-768x511.jpg 768w, https:\/\/riterm.org\/wp-content\/uploads\/2020\/11\/portug-1536x1022.jpg 1536w, https:\/\/riterm.org\/wp-content\/uploads\/2020\/11\/portug-2048x1362.jpg 2048w\" sizes=\"auto, (max-width: 2560px) 100vw, 2560px\" \/><div class=\"wp-block-cover__inner-container is-layout-flow wp-block-cover-is-layout-flow\">\n<p class=\"has-text-align-center\" style=\"font-size:50px\">Comit\u00ea executivo<\/p>\n<\/div><\/div>\n\n\n\n<hr class=\"wp-block-separator has-css-opacity is-style-wide\"\/>\n\n\n\n<h2 class=\"wp-block-heading\" id=\"h.p_ZQZMus0H3bOw\">Atual (2023-2025)<\/h2>\n\n\n\n<h3 class=\"wp-block-heading\" id=\"h.p_eJTaaLMShVXk\"><strong>Presidente:<\/strong><\/h3>\n\n\n\n<div class=\"wp-block-columns is-layout-flex wp-container-core-columns-is-layout-9d6595d7 wp-block-columns-is-layout-flex\">\n<div class=\"wp-block-column is-layout-flow wp-block-column-is-layout-flow\" style=\"flex-basis:30%\">\n<p id=\"h.p_BfukiFzshV0A\"><strong>John Jairo Giraldo Ortiz<\/strong><\/p>\n\n\n\n<p>Universidad de Antioquia, Col\u00f4mbia<\/p>\n<\/div>\n\n\n\n<div class=\"wp-block-column is-layout-flow wp-block-column-is-layout-flow\" style=\"flex-basis:50%\">\n<figure class=\"wp-block-image size-full is-resized\"><img loading=\"lazy\" decoding=\"async\" width=\"250\" height=\"250\" src=\"https:\/\/riterm.org\/wp-content\/uploads\/2024\/04\/johngiraldo.png\" alt=\"\" class=\"wp-image-972\" style=\"object-fit:cover;width:200px;height:200px\" srcset=\"https:\/\/riterm.org\/wp-content\/uploads\/2024\/04\/johngiraldo.png 250w, https:\/\/riterm.org\/wp-content\/uploads\/2024\/04\/johngiraldo-150x150.png 150w\" sizes=\"auto, (max-width: 250px) 100vw, 250px\" \/><\/figure>\n<\/div>\n<\/div>\n\n\n\n<h3 class=\"wp-block-heading\" id=\"h.p_BfukiFzshV0A\"><strong>Vice-presidenta:<\/strong><\/h3>\n\n\n\n<div class=\"wp-block-columns is-layout-flex wp-container-core-columns-is-layout-9d6595d7 wp-block-columns-is-layout-flex\">\n<div class=\"wp-block-column is-layout-flow wp-block-column-is-layout-flow\" style=\"flex-basis:30%\">\n<p id=\"h.p_mU4_LyTchV0H\"><strong>Ioana Cornea<\/strong><\/p>\n\n\n\n<p>ENALT-Universidad Aut\u00f3noma de M\u00e9xico, M\u00e9xico<\/p>\n<\/div>\n\n\n\n<div class=\"wp-block-column is-layout-flow wp-block-column-is-layout-flow\" style=\"flex-basis:50%\">\n<figure class=\"wp-block-image size-full is-resized\"><img loading=\"lazy\" decoding=\"async\" width=\"250\" height=\"250\" src=\"https:\/\/riterm.org\/wp-content\/uploads\/2024\/04\/CORNEA_FINAL.png\" alt=\"\" class=\"wp-image-980\" style=\"object-fit:cover;width:200px;height:200px\" srcset=\"https:\/\/riterm.org\/wp-content\/uploads\/2024\/04\/CORNEA_FINAL.png 250w, https:\/\/riterm.org\/wp-content\/uploads\/2024\/04\/CORNEA_FINAL-150x150.png 150w\" sizes=\"auto, (max-width: 250px) 100vw, 250px\" \/><\/figure>\n<\/div>\n<\/div>\n\n\n\n<h3 class=\"wp-block-heading\" id=\"h.p_yHSWgfC6hV0G\"><strong>Secretaria:<\/strong><\/h3>\n\n\n\n<div class=\"wp-block-columns is-layout-flex wp-container-core-columns-is-layout-9d6595d7 wp-block-columns-is-layout-flex\">\n<div class=\"wp-block-column is-layout-flow wp-block-column-is-layout-flow\" style=\"flex-basis:30%\">\n<p><strong>Edmar Peixoto<\/strong><\/p>\n\n\n\n<p>Universidad del Estado de R\u00edo Grande del Norte, Brasil<\/p>\n<\/div>\n\n\n\n<div class=\"wp-block-column is-layout-flow wp-block-column-is-layout-flow\" style=\"flex-basis:50%\">\n<figure class=\"wp-block-image size-full is-resized\"><img loading=\"lazy\" decoding=\"async\" width=\"250\" height=\"250\" src=\"https:\/\/riterm.org\/wp-content\/uploads\/2024\/04\/Edmar_FINAL.png\" alt=\"\" class=\"wp-image-982\" style=\"object-fit:cover;width:200px;height:200px\" srcset=\"https:\/\/riterm.org\/wp-content\/uploads\/2024\/04\/Edmar_FINAL.png 250w, https:\/\/riterm.org\/wp-content\/uploads\/2024\/04\/Edmar_FINAL-150x150.png 150w\" sizes=\"auto, (max-width: 250px) 100vw, 250px\" \/><\/figure>\n<\/div>\n<\/div>\n\n\n\n<div class=\"wp-block-columns is-layout-flex wp-container-core-columns-is-layout-9d6595d7 wp-block-columns-is-layout-flex\">\n<div class=\"wp-block-column is-layout-flow wp-block-column-is-layout-flow\" style=\"flex-basis:30%\">\n<p id=\"h.p_rVB_Vu8PhV0D\"><strong>Gabriel Quiroz<\/strong><\/p>\n\n\n\n<p>Universidad de Antioquia, Col\u00f4mbia<\/p>\n<\/div>\n\n\n\n<div class=\"wp-block-column is-layout-flow wp-block-column-is-layout-flow\" style=\"flex-basis:50%\">\n<figure class=\"wp-block-image size-full is-resized\"><img loading=\"lazy\" decoding=\"async\" width=\"250\" height=\"250\" src=\"https:\/\/riterm.org\/wp-content\/uploads\/2024\/04\/Quiroz_FINAL.png\" alt=\"\" class=\"wp-image-984\" style=\"object-fit:cover;width:200px;height:200px\" srcset=\"https:\/\/riterm.org\/wp-content\/uploads\/2024\/04\/Quiroz_FINAL.png 250w, https:\/\/riterm.org\/wp-content\/uploads\/2024\/04\/Quiroz_FINAL-150x150.png 150w\" sizes=\"auto, (max-width: 250px) 100vw, 250px\" \/><\/figure>\n<\/div>\n<\/div>\n\n\n\n<h3 class=\"wp-block-heading\" id=\"h.p_rn5_Iwf9hV0I\">Comunica\u00e7\u00f5es:<\/h3>\n\n\n\n<div class=\"wp-block-columns is-layout-flex wp-container-core-columns-is-layout-9d6595d7 wp-block-columns-is-layout-flex\">\n<div class=\"wp-block-column is-layout-flow wp-block-column-is-layout-flow\" style=\"flex-basis:30%\">\n<p id=\"h.p_rG_DUJgyhV0J\"><strong>Laia Vidal Saban\u00e9s<\/strong><\/p>\n\n\n\n<p>IULA-Universitat Pompeu Fabra, Espanha<\/p>\n<\/div>\n\n\n\n<div class=\"wp-block-column is-layout-flow wp-block-column-is-layout-flow\" style=\"flex-basis:50%\">\n<figure class=\"wp-block-image size-full is-resized\"><img loading=\"lazy\" decoding=\"async\" width=\"250\" height=\"250\" src=\"https:\/\/riterm.org\/wp-content\/uploads\/2024\/04\/Laia_FINAL.png\" alt=\"\" class=\"wp-image-987\" style=\"object-fit:cover;width:200px;height:200px\" srcset=\"https:\/\/riterm.org\/wp-content\/uploads\/2024\/04\/Laia_FINAL.png 250w, https:\/\/riterm.org\/wp-content\/uploads\/2024\/04\/Laia_FINAL-150x150.png 150w\" sizes=\"auto, (max-width: 250px) 100vw, 250px\" \/><\/figure>\n<\/div>\n<\/div>\n\n\n\n<h3 class=\"wp-block-heading\" id=\"h.p_AOMyhq41hV0J\"><strong>Revista Debate Terminol\u00f3gico:<\/strong><\/h3>\n\n\n\n<div class=\"wp-block-columns is-layout-flex wp-container-core-columns-is-layout-9d6595d7 wp-block-columns-is-layout-flex\">\n<div class=\"wp-block-column is-layout-flow wp-block-column-is-layout-flow\" style=\"flex-basis:30%\">\n<p id=\"h.p_FW6H0rGghV0K\"><strong>Jorge L\u00e1zaro<\/strong><\/p>\n\n\n\n<p>Universidad Aut\u00f3noma de Baja California, M\u00e9xico<\/p>\n<\/div>\n\n\n\n<div class=\"wp-block-column is-layout-flow wp-block-column-is-layout-flow\" style=\"flex-basis:50%\">\n<figure class=\"wp-block-image size-full is-resized\"><img loading=\"lazy\" decoding=\"async\" width=\"250\" height=\"250\" src=\"https:\/\/riterm.org\/wp-content\/uploads\/2024\/04\/Jorge-Lazaro.png\" alt=\"\" class=\"wp-image-988\" style=\"object-fit:cover;width:200px;height:200px\" srcset=\"https:\/\/riterm.org\/wp-content\/uploads\/2024\/04\/Jorge-Lazaro.png 250w, https:\/\/riterm.org\/wp-content\/uploads\/2024\/04\/Jorge-Lazaro-150x150.png 150w\" sizes=\"auto, (max-width: 250px) 100vw, 250px\" \/><\/figure>\n<\/div>\n<\/div>\n\n\n\n<h3 class=\"wp-block-heading\" id=\"h.p_GsccPpkXhV0K\"><strong>Administrador\/Tesoureiro<\/strong> <strong>\u2013 <strong>Representante da organiza\u00e7\u00e3o do XVII Simp\u00f3sio:<\/strong><\/strong><\/h3>\n\n\n\n<div class=\"wp-block-columns is-layout-flex wp-container-core-columns-is-layout-9d6595d7 wp-block-columns-is-layout-flex\">\n<div class=\"wp-block-column is-layout-flow wp-block-column-is-layout-flow\" style=\"flex-basis:30%\">\n<p><strong>Jorge M. Porras-Garz\u00f3n<\/strong><\/p>\n\n\n\n<p>Universidad de Antioquia, Col\u00f4mbia<\/p>\n<\/div>\n\n\n\n<div class=\"wp-block-column is-layout-flow wp-block-column-is-layout-flow\" style=\"flex-basis:50%\">\n<figure class=\"wp-block-image size-full is-resized\"><img loading=\"lazy\" decoding=\"async\" width=\"250\" height=\"250\" src=\"https:\/\/riterm.org\/wp-content\/uploads\/2024\/04\/Porras_FINAL.png\" alt=\"\" class=\"wp-image-989\" style=\"object-fit:cover;width:200px;height:200px\" srcset=\"https:\/\/riterm.org\/wp-content\/uploads\/2024\/04\/Porras_FINAL.png 250w, https:\/\/riterm.org\/wp-content\/uploads\/2024\/04\/Porras_FINAL-150x150.png 150w\" sizes=\"auto, (max-width: 250px) 100vw, 250px\" \/><\/figure>\n<\/div>\n<\/div>\n\n\n\n<h2 class=\"wp-block-heading\" id=\"h.p_oVae2HVI3fr0\"><a href=\"https:\/\/sites.google.com\/view\/riterm\/pt\/comitept?authuser=0#h.p_oVae2HVI3fr0\"><\/a><a href=\"https:\/\/riterm.org\/index.php\/anteriores\/\">Anteriores<\/a><\/h2>\n","protected":false},"excerpt":{"rendered":"<p>Atual (2023-2025) Presidente: John Jairo Giraldo Ortiz Universidad de Antioquia, Col\u00f4mbia Vice-presidenta: Ioana Cornea ENALT-Universidad Aut\u00f3noma de M\u00e9xico, M\u00e9xico Secretaria: Edmar Peixoto Universidad del Estado de R\u00edo Grande del Norte, Brasil Gabriel Quiroz Universidad de Antioquia, Col\u00f4mbia Comunica\u00e7\u00f5es: Laia Vidal Saban\u00e9s IULA-Universitat Pompeu Fabra, Espanha Revista Debate Terminol\u00f3gico: Jorge L\u00e1zaro Universidad Aut\u00f3noma de Baja California, [&hellip;]<\/p>\n","protected":false},"author":1,"featured_media":0,"parent":0,"menu_order":0,"comment_status":"closed","ping_status":"closed","template":"","meta":{"footnotes":""},"class_list":["post-111","page","type-page","status-publish","hentry"],"_links":{"self":[{"href":"https:\/\/riterm.org\/index.php\/wp-json\/wp\/v2\/pages\/111","targetHints":{"allow":["GET"]}}],"collection":[{"href":"https:\/\/riterm.org\/index.php\/wp-json\/wp\/v2\/pages"}],"about":[{"href":"https:\/\/riterm.org\/index.php\/wp-json\/wp\/v2\/types\/page"}],"author":[{"embeddable":true,"href":"https:\/\/riterm.org\/index.php\/wp-json\/wp\/v2\/users\/1"}],"replies":[{"embeddable":true,"href":"https:\/\/riterm.org\/index.php\/wp-json\/wp\/v2\/comments?post=111"}],"version-history":[{"count":17,"href":"https:\/\/riterm.org\/index.php\/wp-json\/wp\/v2\/pages\/111\/revisions"}],"predecessor-version":[{"id":1010,"href":"https:\/\/riterm.org\/index.php\/wp-json\/wp\/v2\/pages\/111\/revisions\/1010"}],"wp:attachment":[{"href":"https:\/\/riterm.org\/index.php\/wp-json\/wp\/v2\/media?parent=111"}],"curies":[{"name":"wp","href":"https:\/\/api.w.org\/{rel}","templated":true}]}}